{"id":12015,"date":"2020-08-19T10:00:49","date_gmt":"2020-03-09T10:41:51","guid":{"rendered":"https:\/\/gifted-nightingale.82-223-11-116.plesk.page\/?post_type=product&#038;p=12015"},"modified":"2021-04-06T10:31:47","modified_gmt":"2021-04-06T08:31:47","slug":"chaise-pensilvania","status":"publish","type":"product","link":"https:\/\/reyma-mobiliario.com\/fr\/productos\/chaise-pensilvania\/","title":{"rendered":"Chaise Pensilvania"},"content":{"rendered":"<p>Chaise d&rsquo;hospitalit\u00e9 simple avec finition vintage. Un cadre en acier robuste pour une utilisation en int\u00e9rieur avec diff\u00e9rentes possibilit\u00e9s de peinture. M\u00e9lange parfait, qu&rsquo;il soit configur\u00e9 avec un si\u00e8ge rembourr\u00e9 ou un si\u00e8ge en bois.<\/p>\n<div><\/div>\n","protected":false},"excerpt":{"rendered":"<p><strong> Poids <\/strong>:<br \/>\navec assise rembourr\u00e9e: 7,30 kg<br \/>\navec assise en bois lamell\u00e9: 7,10 kg<br \/>\navec assise en bois massif: 7,70 kg<\/p>\n<p><strong> Mat\u00e9riaux <\/strong>:<br \/>\nCadre en acier peint: graphite, noir, noir vieilli ou blanc vieilli<\/p>\n<p>Si\u00e8ge:<br \/>\nBois massif<br \/>\nBois lamell\u00e9 ou lamin\u00e9: kenya, \u00e9b\u00e8ne, noyer vintage et ch\u00eane vintage<br \/>\nRev\u00eatement: blanc, cachemire, albero, marron, noir, rouge, indiana, panama, gris, vert, bleu ou moutarde.<\/p>\n<p><strong>Dimensions<\/strong>:<\/p>\n<p><img loading=\"lazy\" decoding=\"async\" class=\"alignleft size-full wp-image-11924\" src=\"https:\/\/reyma-mobiliario.com\/wp-content\/uploads\/2020\/01\/pensilvania-silla-1.jpg\" alt=\"Dimensions chaise Pensilvania REYMA\" width=\"120\" height=\"120\" \/><\/p>\n<div><\/div>\n","protected":false},"featured_media":12009,"template":"","meta":[],"product_brand":[],"product_cat":[1121,1114],"product_tag":[1347,1169,1171,1302],"class_list":{"0":"post-12015","1":"product","2":"type-product","3":"status-publish","4":"has-post-thumbnail","6":"product_cat-chaises-dinterieur","7":"product_cat-interieur","8":"product_tag-chaises","9":"product_tag-mobilier-interieur","10":"product_tag-nouvelles-2018","11":"product_tag-serie-pensilvania-fr","13":"first","14":"instock","15":"shipping-taxable","16":"purchasable","17":"product-type-variable"},"aioseo_notices":[],"_links":{"self":[{"href":"https:\/\/reyma-mobiliario.com\/fr\/wp-json\/wp\/v2\/product\/12015","targetHints":{"allow":["GET"]}}],"collection":[{"href":"https:\/\/reyma-mobiliario.com\/fr\/wp-json\/wp\/v2\/product"}],"about":[{"href":"https:\/\/reyma-mobiliario.com\/fr\/wp-json\/wp\/v2\/types\/product"}],"wp:featuredmedia":[{"embeddable":true,"href":"https:\/\/reyma-mobiliario.com\/fr\/wp-json\/wp\/v2\/media\/12009"}],"wp:attachment":[{"href":"https:\/\/reyma-mobiliario.com\/fr\/wp-json\/wp\/v2\/media?parent=12015"}],"wp:term":[{"taxonomy":"product_brand","embeddable":true,"href":"https:\/\/reyma-mobiliario.com\/fr\/wp-json\/wp\/v2\/product_brand?post=12015"},{"taxonomy":"product_cat","embeddable":true,"href":"https:\/\/reyma-mobiliario.com\/fr\/wp-json\/wp\/v2\/product_cat?post=12015"},{"taxonomy":"product_tag","embeddable":true,"href":"https:\/\/reyma-mobiliario.com\/fr\/wp-json\/wp\/v2\/product_tag?post=12015"}],"curies":[{"name":"wp","href":"https:\/\/api.w.org\/{rel}","templated":true}]}}