{"id":12038,"date":"2024-01-24T10:00:34","date_gmt":"2020-03-09T11:10:06","guid":{"rendered":"https:\/\/gifted-nightingale.82-223-11-116.plesk.page\/?post_type=product&#038;p=12038"},"modified":"2025-03-04T10:53:28","modified_gmt":"2025-03-04T09:53:28","slug":"table-columbia","status":"publish","type":"product","link":"https:\/\/reyma-mobiliario.com\/fr\/productos\/table-columbia\/","title":{"rendered":"Table Columbia 9000"},"content":{"rendered":"<p>Table avec base en acier peint en noir haute r\u00e9sistance. Il prend en charge diff\u00e9rents types de cartes pour l&rsquo;adapter aux besoins du client.<\/p>\n","protected":false},"excerpt":{"rendered":"<p><strong> Hauteur : <\/strong> 75 cm<\/p>\n<p><strong> Mat\u00e9riaux <\/strong>:<br \/>\nPied en acier peint en noir.<br \/>\nPlateau finition: Werzalit, compacte ou m\u00e9lamine.<\/p>\n<p><strong> Dimensions du plateaux: <\/strong><br \/>\n60\u00d8, 70\u00d8, 80\u00d8, 90\u00d8<br \/>\n60&#215;60, 70&#215;70 et 80&#215;80<\/p>\n","protected":false},"featured_media":28490,"template":"","meta":[],"product_brand":[],"product_cat":[1114,1119],"product_tag":[1174,1224,1166],"class_list":{"0":"post-12038","1":"product","2":"type-product","3":"status-publish","4":"has-post-thumbnail","6":"product_cat-interieur","7":"product_cat-tables-dinterieur","8":"product_tag-nouvelles-2020","9":"product_tag-serie-columbia-fr","10":"product_tag-tables-fr","12":"first","13":"instock","14":"shipping-taxable","15":"product-type-simple"},"aioseo_notices":[],"_links":{"self":[{"href":"https:\/\/reyma-mobiliario.com\/fr\/wp-json\/wp\/v2\/product\/12038","targetHints":{"allow":["GET"]}}],"collection":[{"href":"https:\/\/reyma-mobiliario.com\/fr\/wp-json\/wp\/v2\/product"}],"about":[{"href":"https:\/\/reyma-mobiliario.com\/fr\/wp-json\/wp\/v2\/types\/product"}],"wp:featuredmedia":[{"embeddable":true,"href":"https:\/\/reyma-mobiliario.com\/fr\/wp-json\/wp\/v2\/media\/28490"}],"wp:attachment":[{"href":"https:\/\/reyma-mobiliario.com\/fr\/wp-json\/wp\/v2\/media?parent=12038"}],"wp:term":[{"taxonomy":"product_brand","embeddable":true,"href":"https:\/\/reyma-mobiliario.com\/fr\/wp-json\/wp\/v2\/product_brand?post=12038"},{"taxonomy":"product_cat","embeddable":true,"href":"https:\/\/reyma-mobiliario.com\/fr\/wp-json\/wp\/v2\/product_cat?post=12038"},{"taxonomy":"product_tag","embeddable":true,"href":"https:\/\/reyma-mobiliario.com\/fr\/wp-json\/wp\/v2\/product_tag?post=12038"}],"curies":[{"name":"wp","href":"https:\/\/api.w.org\/{rel}","templated":true}]}}