{"id":12046,"date":"2020-08-16T10:00:58","date_gmt":"2020-03-09T11:25:38","guid":{"rendered":"https:\/\/gifted-nightingale.82-223-11-116.plesk.page\/?post_type=product&#038;p=12046"},"modified":"2024-04-05T08:25:59","modified_gmt":"2024-04-05T06:25:59","slug":"chaise-bohemia-bordee","status":"publish","type":"product","link":"https:\/\/reyma-mobiliario.com\/fr\/productos\/chaise-bohemia-bordee\/","title":{"rendered":"Chaise Bohemia bord\u00e9e"},"content":{"rendered":"<p>Chaise noble avec structure en acier peint en graphite. Il a plusieurs couleurs dans la garniture rembourr\u00e9e. Id\u00e9al pour les environnements int\u00e9rieurs.<\/p>\n<div><\/div>\n","protected":false},"excerpt":{"rendered":"<p><strong> Poids <\/strong>: 8,9 kg<\/p>\n<p><strong> Mat\u00e9riaux <\/strong>:<br \/>\nP.U rembourr\u00e9: indiana avec bordure indienne, panama avec bordure panama, blanc avec bordure brune; gris avec garniture grise, bleu avec garniture bleue, vert avec garniture verte ou moutarde avec garniture moutarde.<br \/>\nStructure en acier peint graphite.<\/p>\n<p><strong>Dimensions<\/strong>:<\/p>\n<p><img loading=\"lazy\" decoding=\"async\" class=\"alignleft size-full wp-image-11924\" src=\"https:\/\/reyma-mobiliario.com\/wp-content\/uploads\/2020\/01\/bohemia-silla-1.jpg\" alt=\"Dimensions chaise Bohemia REYMA\" width=\"120\" height=\"120\" \/><\/p>\n<div><\/div>\n","protected":false},"featured_media":12053,"template":"","meta":[],"product_brand":[],"product_cat":[1121],"product_tag":[1347,1169,1174,1205],"class_list":{"0":"post-12046","1":"product","2":"type-product","3":"status-publish","4":"has-post-thumbnail","6":"product_cat-chaises-dinterieur","7":"product_tag-chaises","8":"product_tag-mobilier-interieur","9":"product_tag-nouvelles-2020","10":"product_tag-serie-bohemia-fr","12":"first","13":"instock","14":"shipping-taxable","15":"purchasable","16":"product-type-variable"},"aioseo_notices":[],"_links":{"self":[{"href":"https:\/\/reyma-mobiliario.com\/fr\/wp-json\/wp\/v2\/product\/12046","targetHints":{"allow":["GET"]}}],"collection":[{"href":"https:\/\/reyma-mobiliario.com\/fr\/wp-json\/wp\/v2\/product"}],"about":[{"href":"https:\/\/reyma-mobiliario.com\/fr\/wp-json\/wp\/v2\/types\/product"}],"wp:featuredmedia":[{"embeddable":true,"href":"https:\/\/reyma-mobiliario.com\/fr\/wp-json\/wp\/v2\/media\/12053"}],"wp:attachment":[{"href":"https:\/\/reyma-mobiliario.com\/fr\/wp-json\/wp\/v2\/media?parent=12046"}],"wp:term":[{"taxonomy":"product_brand","embeddable":true,"href":"https:\/\/reyma-mobiliario.com\/fr\/wp-json\/wp\/v2\/product_brand?post=12046"},{"taxonomy":"product_cat","embeddable":true,"href":"https:\/\/reyma-mobiliario.com\/fr\/wp-json\/wp\/v2\/product_cat?post=12046"},{"taxonomy":"product_tag","embeddable":true,"href":"https:\/\/reyma-mobiliario.com\/fr\/wp-json\/wp\/v2\/product_tag?post=12046"}],"curies":[{"name":"wp","href":"https:\/\/api.w.org\/{rel}","templated":true}]}}