{"id":12080,"date":"2020-06-04T10:00:34","date_gmt":"2020-03-09T12:38:10","guid":{"rendered":"https:\/\/gifted-nightingale.82-223-11-116.plesk.page\/?post_type=product&#038;p=12080"},"modified":"2025-07-09T09:18:21","modified_gmt":"2025-07-09T07:18:21","slug":"table-paris-7003","status":"publish","type":"product","link":"https:\/\/reyma-mobiliario.com\/fr\/productos\/table-paris-7003\/","title":{"rendered":"Table Paris 7003"},"content":{"rendered":"<p>Table con\u00e7ue pour les int\u00e9rieurs avec une grande polyvalence et r\u00e9sistance. Il permet tous les types de plateaux et est sp\u00e9cialement con\u00e7u pour une utilisation en int\u00e9rieur.<\/p>\n<div><\/div>\n","protected":false},"excerpt":{"rendered":"<p><strong> Hauteur: <\/strong> 75 cm<\/p>\n<p><strong> Mat\u00e9riaux <\/strong>:<br \/>\nPied en fonte<br \/>\nPlateaux finition Werzalit, Werzalit cercle laiton, Compact et m\u00e9lamine.<\/p>\n<p><strong> Mesures du plateaux: <\/strong><br \/>\n60\u00d8, 70\u00d8, 80\u00d8.<\/p>\n<p><strong>Plateaux cercle laiton<\/strong><br \/>\n60\u00d8 et 70\u00d8<\/p>\n<div><\/div>\n","protected":false},"featured_media":21740,"template":"","meta":[],"product_brand":[],"product_cat":[1114,1119],"product_tag":[1162,1169,1299,1166],"class_list":{"0":"post-12080","1":"product","2":"type-product","3":"status-publish","4":"has-post-thumbnail","6":"product_cat-interieur","7":"product_cat-tables-dinterieur","8":"product_tag-fonte","9":"product_tag-mobilier-interieur","10":"product_tag-serie-paris-fr","11":"product_tag-tables-fr","13":"first","14":"instock","15":"shipping-taxable","16":"product-type-simple"},"aioseo_notices":[],"_links":{"self":[{"href":"https:\/\/reyma-mobiliario.com\/fr\/wp-json\/wp\/v2\/product\/12080","targetHints":{"allow":["GET"]}}],"collection":[{"href":"https:\/\/reyma-mobiliario.com\/fr\/wp-json\/wp\/v2\/product"}],"about":[{"href":"https:\/\/reyma-mobiliario.com\/fr\/wp-json\/wp\/v2\/types\/product"}],"wp:featuredmedia":[{"embeddable":true,"href":"https:\/\/reyma-mobiliario.com\/fr\/wp-json\/wp\/v2\/media\/21740"}],"wp:attachment":[{"href":"https:\/\/reyma-mobiliario.com\/fr\/wp-json\/wp\/v2\/media?parent=12080"}],"wp:term":[{"taxonomy":"product_brand","embeddable":true,"href":"https:\/\/reyma-mobiliario.com\/fr\/wp-json\/wp\/v2\/product_brand?post=12080"},{"taxonomy":"product_cat","embeddable":true,"href":"https:\/\/reyma-mobiliario.com\/fr\/wp-json\/wp\/v2\/product_cat?post=12080"},{"taxonomy":"product_tag","embeddable":true,"href":"https:\/\/reyma-mobiliario.com\/fr\/wp-json\/wp\/v2\/product_tag?post=12080"}],"curies":[{"name":"wp","href":"https:\/\/api.w.org\/{rel}","templated":true}]}}