{"id":12089,"date":"2023-12-12T10:00:43","date_gmt":"2023-12-12T09:00:43","guid":{"rendered":"https:\/\/gifted-nightingale.82-223-11-116.plesk.page\/?post_type=product&#038;p=12089"},"modified":"2026-03-13T09:14:19","modified_gmt":"2026-03-13T08:14:19","slug":"chaise-verdi-in","status":"publish","type":"product","link":"https:\/\/reyma-mobiliario.com\/fr\/productos\/chaise-verdi-in\/","title":{"rendered":"Chaise Verdi IN"},"content":{"rendered":"<p>Chaise en aluminium avec diff\u00e9rentes finitions. Il peut \u00eatre adapt\u00e9 pour une utilisation int\u00e9rieure et ext\u00e9rieure. Permet la configuration avec diff\u00e9rents types de si\u00e8ges.<\/p>\n<div><\/div>\n","protected":false},"excerpt":{"rendered":"<p><strong>Poids :<\/strong><br \/>\nAvec assise tapiss\u00e9e : 4,35Kg.<br \/>\nAvec assise en bois massif : 4,55Kg.<\/p>\n<p><strong>Mat\u00e9riaux :<\/strong><br \/>\nDossier en Textilene latte :<br \/>\nStructure en aluminium peint d\u00e9co bambou avec dossier en textilene latte ou d\u00e9co ch\u00eane naturel avec dossier en textilene soho<br \/>\nAssises type attic : Bois massif, tapiss\u00e9es <a href=\"https:\/\/reyma-mobiliario.com\/fr\/categorie-produit\/finitions\/tapisse\/\" target=\"_blank\" rel=\"noopener\">P.U. ou FABRIC<\/a><\/p>\n<p><strong>Dimensions :<\/strong><\/p>\n<p><img loading=\"lazy\" decoding=\"async\" class=\"alignleft size-full wp-image-11924\" src=\"https:\/\/reyma-mobiliario.com\/wp-content\/uploads\/2025\/03\/2025-verdi-silla.jpg\" alt=\"Dimensiones silla Verdi REYMA\" width=\"120\" height=\"120\" \/><\/p>\n<div><\/div>\n","protected":false},"featured_media":33438,"template":"","meta":[],"product_brand":[],"product_cat":[1121,2098,1114],"product_tag":[1347,1348,1360,1174,1340],"class_list":{"0":"post-12089","1":"product","2":"type-product","3":"status-publish","4":"has-post-thumbnail","6":"product_cat-chaises-dinterieur","7":"product_cat-chaises-en-metal","8":"product_cat-interieur","9":"product_tag-chaises","10":"product_tag-chaises-dexterieur","11":"product_tag-chaises-dinterieur","12":"product_tag-nouvelles-2020","13":"product_tag-serie-verdi-fr","15":"first","16":"instock","17":"shipping-taxable","18":"purchasable","19":"product-type-variable"},"aioseo_notices":[],"_links":{"self":[{"href":"https:\/\/reyma-mobiliario.com\/fr\/wp-json\/wp\/v2\/product\/12089","targetHints":{"allow":["GET"]}}],"collection":[{"href":"https:\/\/reyma-mobiliario.com\/fr\/wp-json\/wp\/v2\/product"}],"about":[{"href":"https:\/\/reyma-mobiliario.com\/fr\/wp-json\/wp\/v2\/types\/product"}],"wp:featuredmedia":[{"embeddable":true,"href":"https:\/\/reyma-mobiliario.com\/fr\/wp-json\/wp\/v2\/media\/33438"}],"wp:attachment":[{"href":"https:\/\/reyma-mobiliario.com\/fr\/wp-json\/wp\/v2\/media?parent=12089"}],"wp:term":[{"taxonomy":"product_brand","embeddable":true,"href":"https:\/\/reyma-mobiliario.com\/fr\/wp-json\/wp\/v2\/product_brand?post=12089"},{"taxonomy":"product_cat","embeddable":true,"href":"https:\/\/reyma-mobiliario.com\/fr\/wp-json\/wp\/v2\/product_cat?post=12089"},{"taxonomy":"product_tag","embeddable":true,"href":"https:\/\/reyma-mobiliario.com\/fr\/wp-json\/wp\/v2\/product_tag?post=12089"}],"curies":[{"name":"wp","href":"https:\/\/api.w.org\/{rel}","templated":true}]}}