{"id":12122,"date":"2023-12-11T10:00:34","date_gmt":"2023-12-11T09:00:34","guid":{"rendered":"https:\/\/gifted-nightingale.82-223-11-116.plesk.page\/?post_type=product&#038;p=12122"},"modified":"2026-03-13T08:28:59","modified_gmt":"2026-03-13T07:28:59","slug":"chaise-monet-in","status":"publish","type":"product","link":"https:\/\/reyma-mobiliario.com\/fr\/productos\/chaise-monet-in\/","title":{"rendered":"Chaise Monet IN"},"content":{"rendered":"<p>Chaise en aluminium avec finition noyer ou bambou. Il peut \u00eatre configur\u00e9 avec n&rsquo;importe quel si\u00e8ge de type grenier. Il peut \u00e9galement \u00eatre adapt\u00e9 \u00e0 l&rsquo;ext\u00e9rieur avec des si\u00e8ges et des moellons en textil\u00e8ne.<\/p>\n<div><\/div>\n<div><\/div>\n<div><\/div>\n","protected":false},"excerpt":{"rendered":"<p><strong> Poids: <\/strong><br \/>\nAvec assise rembourr\u00e9e: 4,30Kg.<br \/>\nAvec assise solide: 4,50Kg.<\/p>\n<p><strong> Mat\u00e9riaux: <\/strong><br \/>\nCadre en aluminium peint noir, d\u00e9co bambou ou d\u00e9co noyer.<br \/>\nSi\u00e8ges mansard\u00e9s: bois massif, stratifi\u00e9 ch\u00eane vintage ou noyer vintage; rembourrage: <a href=\"https:\/\/reyma-mobiliario.com\/fr\/categorie-produit\/finitions\/tapisse\/\" target=\"_blank\" rel=\"noopener\">P.U. ou FABRIC<\/a>;<\/p>\n<p><strong>Dimensions<\/strong>:<\/p>\n<p><img loading=\"lazy\" decoding=\"async\" class=\"alignnone size-full wp-image-11924\" src=\"https:\/\/reyma-mobiliario.com\/wp-content\/uploads\/2019\/12\/monet-silla-1.jpg\" alt=\"Dimensions chaise Monet REYMA\" width=\"120\" height=\"120\" \/><\/p>\n<div><\/div>\n<div><\/div>\n<div><\/div>\n","protected":false},"featured_media":33339,"template":"","meta":[],"product_brand":[],"product_cat":[1121,2098,1114],"product_tag":[1347,1348,1360,1174,1272],"class_list":{"0":"post-12122","1":"product","2":"type-product","3":"status-publish","4":"has-post-thumbnail","6":"product_cat-chaises-dinterieur","7":"product_cat-chaises-en-metal","8":"product_cat-interieur","9":"product_tag-chaises","10":"product_tag-chaises-dexterieur","11":"product_tag-chaises-dinterieur","12":"product_tag-nouvelles-2020","13":"product_tag-serie-monet-fr","15":"first","16":"instock","17":"shipping-taxable","18":"purchasable","19":"product-type-variable"},"aioseo_notices":[],"_links":{"self":[{"href":"https:\/\/reyma-mobiliario.com\/fr\/wp-json\/wp\/v2\/product\/12122","targetHints":{"allow":["GET"]}}],"collection":[{"href":"https:\/\/reyma-mobiliario.com\/fr\/wp-json\/wp\/v2\/product"}],"about":[{"href":"https:\/\/reyma-mobiliario.com\/fr\/wp-json\/wp\/v2\/types\/product"}],"wp:featuredmedia":[{"embeddable":true,"href":"https:\/\/reyma-mobiliario.com\/fr\/wp-json\/wp\/v2\/media\/33339"}],"wp:attachment":[{"href":"https:\/\/reyma-mobiliario.com\/fr\/wp-json\/wp\/v2\/media?parent=12122"}],"wp:term":[{"taxonomy":"product_brand","embeddable":true,"href":"https:\/\/reyma-mobiliario.com\/fr\/wp-json\/wp\/v2\/product_brand?post=12122"},{"taxonomy":"product_cat","embeddable":true,"href":"https:\/\/reyma-mobiliario.com\/fr\/wp-json\/wp\/v2\/product_cat?post=12122"},{"taxonomy":"product_tag","embeddable":true,"href":"https:\/\/reyma-mobiliario.com\/fr\/wp-json\/wp\/v2\/product_tag?post=12122"}],"curies":[{"name":"wp","href":"https:\/\/api.w.org\/{rel}","templated":true}]}}