{"id":12140,"date":"2020-06-03T10:00:31","date_gmt":"2020-03-09T15:58:03","guid":{"rendered":"https:\/\/gifted-nightingale.82-223-11-116.plesk.page\/?post_type=product&#038;p=12140"},"modified":"2021-04-06T11:24:39","modified_gmt":"2021-04-06T09:24:39","slug":"chaise-dakota","status":"publish","type":"product","link":"https:\/\/reyma-mobiliario.com\/fr\/productos\/chaise-dakota\/","title":{"rendered":"Chaise Dakota"},"content":{"rendered":"<p>Chaise en acier robuste et lignes sobres disponibles en couleurs unies ou vieillies. Si\u00e8ge configurable en rembourrage, en bois lamell\u00e9 ou en bois massif. Con\u00e7u pour les environnements int\u00e9rieurs, ce design industriel moderne s&rsquo;adapte \u00e0 n&rsquo;importe quel environnement.<\/p>\n<div><\/div>\n","protected":false},"excerpt":{"rendered":"<p><strong> Poids <\/strong>:<br \/>\navec assise rembourr\u00e9e: 6,60 kg<br \/>\navec assise en bois lamell\u00e9: 6,40 kg<br \/>\navec assise en bois massif: 7,00 kg<\/p>\n<p><strong> Mat\u00e9riaux <\/strong>:<br \/>\nCadre en acier peint: blanc, graphite, gris vieilli, noir, noir vieilli<\/p>\n<p>Si\u00e8ge:<br \/>\nBois massif<br \/>\nBois lamell\u00e9 ou lamin\u00e9: kenya, \u00e9b\u00e8ne, noyer vintage et ch\u00eane vintage<br \/>\nRev\u00eatement: blanc, cachemire, albero, marron, noir, rouge, indiana, panama, gris, vert, bleu ou moutarde.<\/p>\n<p><strong>Dimensions<\/strong>:<\/p>\n<p><img loading=\"lazy\" decoding=\"async\" class=\"alignleft size-full wp-image-11924\" src=\"https:\/\/reyma-mobiliario.com\/wp-content\/uploads\/2019\/12\/dakota-silla-1.jpg\" alt=\"Dimensions chaise Dakota REYMA\" width=\"120\" height=\"120\" \/><\/p>\n<div><\/div>\n","protected":false},"featured_media":12163,"template":"","meta":[],"product_brand":[],"product_cat":[1121,1114],"product_tag":[1347,1169,1171,1228],"class_list":{"0":"post-12140","1":"product","2":"type-product","3":"status-publish","4":"has-post-thumbnail","6":"product_cat-chaises-dinterieur","7":"product_cat-interieur","8":"product_tag-chaises","9":"product_tag-mobilier-interieur","10":"product_tag-nouvelles-2018","11":"product_tag-serie-dakota-fr","13":"first","14":"instock","15":"shipping-taxable","16":"purchasable","17":"product-type-variable"},"aioseo_notices":[],"_links":{"self":[{"href":"https:\/\/reyma-mobiliario.com\/fr\/wp-json\/wp\/v2\/product\/12140","targetHints":{"allow":["GET"]}}],"collection":[{"href":"https:\/\/reyma-mobiliario.com\/fr\/wp-json\/wp\/v2\/product"}],"about":[{"href":"https:\/\/reyma-mobiliario.com\/fr\/wp-json\/wp\/v2\/types\/product"}],"wp:featuredmedia":[{"embeddable":true,"href":"https:\/\/reyma-mobiliario.com\/fr\/wp-json\/wp\/v2\/media\/12163"}],"wp:attachment":[{"href":"https:\/\/reyma-mobiliario.com\/fr\/wp-json\/wp\/v2\/media?parent=12140"}],"wp:term":[{"taxonomy":"product_brand","embeddable":true,"href":"https:\/\/reyma-mobiliario.com\/fr\/wp-json\/wp\/v2\/product_brand?post=12140"},{"taxonomy":"product_cat","embeddable":true,"href":"https:\/\/reyma-mobiliario.com\/fr\/wp-json\/wp\/v2\/product_cat?post=12140"},{"taxonomy":"product_tag","embeddable":true,"href":"https:\/\/reyma-mobiliario.com\/fr\/wp-json\/wp\/v2\/product_tag?post=12140"}],"curies":[{"name":"wp","href":"https:\/\/api.w.org\/{rel}","templated":true}]}}