{"id":12179,"date":"2020-08-18T10:00:18","date_gmt":"2020-03-09T16:02:12","guid":{"rendered":"https:\/\/gifted-nightingale.82-223-11-116.plesk.page\/?post_type=product&#038;p=12179"},"modified":"2025-05-29T12:38:33","modified_gmt":"2025-05-29T10:38:33","slug":"table-mod-sanghai-v","status":"publish","type":"product","link":"https:\/\/reyma-mobiliario.com\/fr\/productos\/table-mod-sanghai-v\/","title":{"rendered":"Table Sanghai-V 877"},"content":{"rendered":"<p>Table de style industriel, une structure unifi\u00e9e avec une apparence robuste, id\u00e9ale pour les restaurants, bars avec beaucoup d&rsquo;activit\u00e9 qui ont besoin d&rsquo;une table avec un design mais en m\u00eame temps une grande stabilit\u00e9 et un confort. Structure disponible en deux couleurs pour une bonne combinaison avec diff\u00e9rents types de meubles.<\/p>\n","protected":false},"excerpt":{"rendered":"<p><strong> Hauteur: <\/strong> 75 cm<\/p>\n<p><strong> Mat\u00e9riaux <\/strong>:<br \/>\nPieds en acier peint noir ou blanc<\/p>\n<p>Plateaux finition: Werzalit, Compact, m\u00e9lamine.<\/p>\n<p><strong> Mesures du plateaux: <\/strong><br \/>\n60&#215;60, 70&#215;70, 80&#215;80, 90&#215;90, 110&#215;70<\/p>\n<p>* Ronde, consultez.<\/p>\n","protected":false},"featured_media":34462,"template":"","meta":[],"product_brand":[],"product_cat":[1114,1119],"product_tag":[1142,1169,1172,1318,1166],"class_list":{"0":"post-12179","1":"product","2":"type-product","3":"status-publish","4":"has-post-thumbnail","6":"product_cat-interieur","7":"product_cat-tables-dinterieur","8":"product_tag-acier","9":"product_tag-mobilier-interieur","10":"product_tag-nouvelles-2017","11":"product_tag-serie-sanghai-fr","12":"product_tag-tables-fr","14":"first","15":"instock","16":"shipping-taxable","17":"purchasable","18":"product-type-variable"},"aioseo_notices":[],"_links":{"self":[{"href":"https:\/\/reyma-mobiliario.com\/fr\/wp-json\/wp\/v2\/product\/12179","targetHints":{"allow":["GET"]}}],"collection":[{"href":"https:\/\/reyma-mobiliario.com\/fr\/wp-json\/wp\/v2\/product"}],"about":[{"href":"https:\/\/reyma-mobiliario.com\/fr\/wp-json\/wp\/v2\/types\/product"}],"wp:featuredmedia":[{"embeddable":true,"href":"https:\/\/reyma-mobiliario.com\/fr\/wp-json\/wp\/v2\/media\/34462"}],"wp:attachment":[{"href":"https:\/\/reyma-mobiliario.com\/fr\/wp-json\/wp\/v2\/media?parent=12179"}],"wp:term":[{"taxonomy":"product_brand","embeddable":true,"href":"https:\/\/reyma-mobiliario.com\/fr\/wp-json\/wp\/v2\/product_brand?post=12179"},{"taxonomy":"product_cat","embeddable":true,"href":"https:\/\/reyma-mobiliario.com\/fr\/wp-json\/wp\/v2\/product_cat?post=12179"},{"taxonomy":"product_tag","embeddable":true,"href":"https:\/\/reyma-mobiliario.com\/fr\/wp-json\/wp\/v2\/product_tag?post=12179"}],"curies":[{"name":"wp","href":"https:\/\/api.w.org\/{rel}","templated":true}]}}