{"id":12193,"date":"2020-08-17T10:00:22","date_gmt":"2020-03-09T16:23:40","guid":{"rendered":"https:\/\/gifted-nightingale.82-223-11-116.plesk.page\/?post_type=product&#038;p=12193"},"modified":"2021-10-13T11:31:03","modified_gmt":"2021-10-13T09:31:03","slug":"chaise-nevada","status":"publish","type":"product","link":"https:\/\/reyma-mobiliario.com\/fr\/productos\/chaise-nevada\/","title":{"rendered":"Chaise Nevada"},"content":{"rendered":"<p>Chaise en acier robuste sp\u00e9ciale pour une utilisation en int\u00e9rieur. Avec des lignes verticales et horizontales qui donnent de l&rsquo;originalit\u00e9 \u00e0 n&rsquo;importe quel espace.<\/p>\n<div><\/div>\n","protected":false},"excerpt":{"rendered":"<p><strong> Poids <\/strong>:<br \/>\navec assise rembourr\u00e9e: 6,80 kg<br \/>\navec assise en bois massif: 7,20 kg<br \/>\navec assise en bois lamell\u00e9: 6,60 kg<\/p>\n<p><strong> Mat\u00e9riaux <\/strong>:<br \/>\nStructure en acier peint: noir, blanc ou graphite.<\/p>\n<p>Si\u00e8ge:<br \/>\nBois massif<br \/>\nBois lamell\u00e9 ou lamin\u00e9: kenya, \u00e9b\u00e8ne, noyer vintage et ch\u00eane vintage<br \/>\nRev\u00eatement: blanc, cachemire, albero, marron, noir, rouge, indiana, panama, gris, vert, bleu ou moutarde.<\/p>\n<p><strong>Dimensions<\/strong>:<\/p>\n<p><img loading=\"lazy\" decoding=\"async\" class=\"alignleft size-full wp-image-11924\" src=\"https:\/\/reyma-mobiliario.com\/wp-content\/uploads\/2019\/12\/nevada-silla-1.jpg\" alt=\"Dimensions chaise Nevada REYMA\" width=\"120\" height=\"120\" \/><\/p>\n<div><\/div>\n","protected":false},"featured_media":12202,"template":"","meta":[],"product_brand":[],"product_cat":[1121,1114],"product_tag":[1347,1360,1173,1285],"class_list":{"0":"post-12193","1":"product","2":"type-product","3":"status-publish","4":"has-post-thumbnail","6":"product_cat-chaises-dinterieur","7":"product_cat-interieur","8":"product_tag-chaises","9":"product_tag-chaises-dinterieur","10":"product_tag-nouvelles-2019","11":"product_tag-serie-nevada-fr","13":"first","14":"instock","15":"shipping-taxable","16":"purchasable","17":"product-type-variable"},"aioseo_notices":[],"_links":{"self":[{"href":"https:\/\/reyma-mobiliario.com\/fr\/wp-json\/wp\/v2\/product\/12193","targetHints":{"allow":["GET"]}}],"collection":[{"href":"https:\/\/reyma-mobiliario.com\/fr\/wp-json\/wp\/v2\/product"}],"about":[{"href":"https:\/\/reyma-mobiliario.com\/fr\/wp-json\/wp\/v2\/types\/product"}],"wp:featuredmedia":[{"embeddable":true,"href":"https:\/\/reyma-mobiliario.com\/fr\/wp-json\/wp\/v2\/media\/12202"}],"wp:attachment":[{"href":"https:\/\/reyma-mobiliario.com\/fr\/wp-json\/wp\/v2\/media?parent=12193"}],"wp:term":[{"taxonomy":"product_brand","embeddable":true,"href":"https:\/\/reyma-mobiliario.com\/fr\/wp-json\/wp\/v2\/product_brand?post=12193"},{"taxonomy":"product_cat","embeddable":true,"href":"https:\/\/reyma-mobiliario.com\/fr\/wp-json\/wp\/v2\/product_cat?post=12193"},{"taxonomy":"product_tag","embeddable":true,"href":"https:\/\/reyma-mobiliario.com\/fr\/wp-json\/wp\/v2\/product_tag?post=12193"}],"curies":[{"name":"wp","href":"https:\/\/api.w.org\/{rel}","templated":true}]}}