{"id":12220,"date":"2020-06-08T10:00:03","date_gmt":"2020-06-08T08:00:03","guid":{"rendered":"https:\/\/gifted-nightingale.82-223-11-116.plesk.page\/?post_type=product&#038;p=12220"},"modified":"2023-11-10T11:48:08","modified_gmt":"2023-11-10T10:48:08","slug":"table-picasso","status":"publish","type":"product","link":"https:\/\/reyma-mobiliario.com\/fr\/productos\/table-picasso\/","title":{"rendered":"Table Picasso 477"},"content":{"rendered":"<p>Table pour l&rsquo;hospitalit\u00e9 simple avec un style continu et \u00e9quilibr\u00e9, marqu\u00e9e par des lignes pures, id\u00e9ale pour une utilisation en int\u00e9rieur, avec plusieurs possibilit\u00e9s de finition et diverses mesures de plateaux. Une variante plus moderne du design industriel peut \u00eatre m\u00e9lang\u00e9e avec des \u00e9l\u00e9ments r\u00e9tro, vintage ou rustiques.<\/p>\n<div><\/div>\n","protected":false},"excerpt":{"rendered":"<p><strong> Hauteur: <\/strong> 75 cm<\/p>\n<p><strong> Mat\u00e9riaux <\/strong>: pied en acier peint: d\u00e9co bois noir ou naturel.<\/p>\n<p>Plateaux finition: Werzalit, Compact et m\u00e9lamine<\/p>\n<div><\/div>\n","protected":false},"featured_media":35260,"template":"","meta":[],"product_brand":[],"product_cat":[1114,1119],"product_tag":[1142,1169,1171,1304,1166],"class_list":{"0":"post-12220","1":"product","2":"type-product","3":"status-publish","4":"has-post-thumbnail","6":"product_cat-interieur","7":"product_cat-tables-dinterieur","8":"product_tag-acier","9":"product_tag-mobilier-interieur","10":"product_tag-nouvelles-2018","11":"product_tag-serie-picasso-fr","12":"product_tag-tables-fr","14":"first","15":"instock","16":"shipping-taxable","17":"product-type-variable"},"aioseo_notices":[],"_links":{"self":[{"href":"https:\/\/reyma-mobiliario.com\/fr\/wp-json\/wp\/v2\/product\/12220","targetHints":{"allow":["GET"]}}],"collection":[{"href":"https:\/\/reyma-mobiliario.com\/fr\/wp-json\/wp\/v2\/product"}],"about":[{"href":"https:\/\/reyma-mobiliario.com\/fr\/wp-json\/wp\/v2\/types\/product"}],"wp:featuredmedia":[{"embeddable":true,"href":"https:\/\/reyma-mobiliario.com\/fr\/wp-json\/wp\/v2\/media\/35260"}],"wp:attachment":[{"href":"https:\/\/reyma-mobiliario.com\/fr\/wp-json\/wp\/v2\/media?parent=12220"}],"wp:term":[{"taxonomy":"product_brand","embeddable":true,"href":"https:\/\/reyma-mobiliario.com\/fr\/wp-json\/wp\/v2\/product_brand?post=12220"},{"taxonomy":"product_cat","embeddable":true,"href":"https:\/\/reyma-mobiliario.com\/fr\/wp-json\/wp\/v2\/product_cat?post=12220"},{"taxonomy":"product_tag","embeddable":true,"href":"https:\/\/reyma-mobiliario.com\/fr\/wp-json\/wp\/v2\/product_tag?post=12220"}],"curies":[{"name":"wp","href":"https:\/\/api.w.org\/{rel}","templated":true}]}}