{"id":12258,"date":"2020-08-25T10:00:45","date_gmt":"2020-08-25T08:00:45","guid":{"rendered":"https:\/\/gifted-nightingale.82-223-11-116.plesk.page\/?post_type=product&#038;p=12258"},"modified":"2026-02-16T09:27:13","modified_gmt":"2026-02-16T08:27:13","slug":"chaise-de-bar-bohemia-bordure","status":"publish","type":"product","link":"https:\/\/reyma-mobiliario.com\/fr\/productos\/chaise-de-bar-bohemia-bordure\/","title":{"rendered":"Chaise de bar Bohemia Bordure"},"content":{"rendered":"<p>Chaise de bar haut avec structure en acier robuste peint en graphite. Son assise et son dossier sont rembourr\u00e9s en plusieurs coloris au choix et bords biseaut\u00e9s pour s&rsquo;adapter aux besoins du client.<\/p>\n<div><\/div>\n<div><\/div>\n<div><\/div>\n","protected":false},"excerpt":{"rendered":"<p><strong> Poids <\/strong>: 10,90 kg<\/p>\n<p><strong> Mat\u00e9riaux <\/strong>:<br \/>\nStructure en acier peint noir.<br \/>\nRembourr\u00e9 P.U: Indiana indiana ourlets, blanc l\u00e9g\u00e8rement brun, bleu passepoil bleu, gris rogn\u00e9e gris, vert margin\u00e9 vert; ou moutarde bord\u00e9e de moutarde.<\/p>\n<p><strong>Dimensions<\/strong>:<\/p>\n<p><img loading=\"lazy\" decoding=\"async\" class=\"alignleft size-full wp-image-11924\" src=\"https:\/\/reyma-mobiliario.com\/wp-content\/uploads\/2019\/11\/bohemia-banqueta-1.jpg\" alt=\"Dimensions tabouret Bohemia REYMA\" width=\"120\" height=\"120\" \/><\/p>\n<div><\/div>\n<div><\/div>\n<div><\/div>\n","protected":false},"featured_media":12265,"template":"","meta":[],"product_brand":[],"product_cat":[1116],"product_tag":[1169,1173,1174,1205,1147],"class_list":{"0":"post-12258","1":"product","2":"type-product","3":"status-publish","4":"has-post-thumbnail","6":"product_cat-tabouret-dinterieur","7":"product_tag-mobilier-interieur","8":"product_tag-nouvelles-2019","9":"product_tag-nouvelles-2020","10":"product_tag-serie-bohemia-fr","11":"product_tag-tabourets","13":"first","14":"instock","15":"shipping-taxable","16":"purchasable","17":"product-type-variable"},"aioseo_notices":[],"_links":{"self":[{"href":"https:\/\/reyma-mobiliario.com\/fr\/wp-json\/wp\/v2\/product\/12258","targetHints":{"allow":["GET"]}}],"collection":[{"href":"https:\/\/reyma-mobiliario.com\/fr\/wp-json\/wp\/v2\/product"}],"about":[{"href":"https:\/\/reyma-mobiliario.com\/fr\/wp-json\/wp\/v2\/types\/product"}],"wp:featuredmedia":[{"embeddable":true,"href":"https:\/\/reyma-mobiliario.com\/fr\/wp-json\/wp\/v2\/media\/12265"}],"wp:attachment":[{"href":"https:\/\/reyma-mobiliario.com\/fr\/wp-json\/wp\/v2\/media?parent=12258"}],"wp:term":[{"taxonomy":"product_brand","embeddable":true,"href":"https:\/\/reyma-mobiliario.com\/fr\/wp-json\/wp\/v2\/product_brand?post=12258"},{"taxonomy":"product_cat","embeddable":true,"href":"https:\/\/reyma-mobiliario.com\/fr\/wp-json\/wp\/v2\/product_cat?post=12258"},{"taxonomy":"product_tag","embeddable":true,"href":"https:\/\/reyma-mobiliario.com\/fr\/wp-json\/wp\/v2\/product_tag?post=12258"}],"curies":[{"name":"wp","href":"https:\/\/api.w.org\/{rel}","templated":true}]}}