{"id":12291,"date":"2020-05-10T10:00:14","date_gmt":"2020-03-10T10:29:25","guid":{"rendered":"https:\/\/gifted-nightingale.82-223-11-116.plesk.page\/?post_type=product&#038;p=12291"},"modified":"2023-11-20T18:11:49","modified_gmt":"2023-11-20T17:11:49","slug":"chaise-de-bar-dakota","status":"publish","type":"product","link":"https:\/\/reyma-mobiliario.com\/fr\/productos\/chaise-de-bar-dakota\/","title":{"rendered":"Chaise de bar Dakota"},"content":{"rendered":"<p>Chaise de bar en acier robuste et lignes sobres avec structure en couleurs solides ou vieillies. Possibilit\u00e9 d&rsquo;assise rembourr\u00e9e, en bois lamell\u00e9 ou massif. Con\u00e7u pour les environnements int\u00e9rieurs avec un design industriel moderne.<\/p>\n<div><\/div>\n","protected":false},"excerpt":{"rendered":"<p><strong> Poids <\/strong>:<br \/>\navec assise rembourr\u00e9e: 8,20 kg<br \/>\navec assise en bois lamell\u00e9: 8,00 kg<br \/>\navec assise en bois massif: 8,60 kg<\/p>\n<p><strong> Mat\u00e9riaux <\/strong>:<br \/>\nCadre en acier peint: gris vieilli, noir vieilli, noir ou graphite<br \/>\nAssise:<br \/>\nbois massif.<br \/>\nbois lamell\u00e9, stratifi\u00e9: kenya, \u00e9b\u00e8ne, noyer vintage et ch\u00eane vintage.<br \/>\nRembourrage: albero, blanc, cachemire, marron, noir, rouge, indiana, panama, gris, bleu, vert, moutarde, samba ou bois de santal.<\/p>\n<p><strong>Dimensions<\/strong>:<\/p>\n<p><img loading=\"lazy\" decoding=\"async\" class=\"alignleft size-full wp-image-11924\" src=\"https:\/\/reyma-mobiliario.com\/wp-content\/uploads\/2019\/11\/dakota-banqueta-1.jpg\" alt=\"Dimensions tabouret Dakota REYMA\" width=\"120\" height=\"120\" \/><\/p>\n<div><\/div>\n","protected":false},"featured_media":12306,"template":"","meta":[],"product_brand":[],"product_cat":[1114,1116],"product_tag":[1169,1171,1228,1147],"class_list":{"0":"post-12291","1":"product","2":"type-product","3":"status-publish","4":"has-post-thumbnail","6":"product_cat-interieur","7":"product_cat-tabouret-dinterieur","8":"product_tag-mobilier-interieur","9":"product_tag-nouvelles-2018","10":"product_tag-serie-dakota-fr","11":"product_tag-tabourets","13":"first","14":"instock","15":"shipping-taxable","16":"purchasable","17":"product-type-variable"},"aioseo_notices":[],"_links":{"self":[{"href":"https:\/\/reyma-mobiliario.com\/fr\/wp-json\/wp\/v2\/product\/12291","targetHints":{"allow":["GET"]}}],"collection":[{"href":"https:\/\/reyma-mobiliario.com\/fr\/wp-json\/wp\/v2\/product"}],"about":[{"href":"https:\/\/reyma-mobiliario.com\/fr\/wp-json\/wp\/v2\/types\/product"}],"wp:featuredmedia":[{"embeddable":true,"href":"https:\/\/reyma-mobiliario.com\/fr\/wp-json\/wp\/v2\/media\/12306"}],"wp:attachment":[{"href":"https:\/\/reyma-mobiliario.com\/fr\/wp-json\/wp\/v2\/media?parent=12291"}],"wp:term":[{"taxonomy":"product_brand","embeddable":true,"href":"https:\/\/reyma-mobiliario.com\/fr\/wp-json\/wp\/v2\/product_brand?post=12291"},{"taxonomy":"product_cat","embeddable":true,"href":"https:\/\/reyma-mobiliario.com\/fr\/wp-json\/wp\/v2\/product_cat?post=12291"},{"taxonomy":"product_tag","embeddable":true,"href":"https:\/\/reyma-mobiliario.com\/fr\/wp-json\/wp\/v2\/product_tag?post=12291"}],"curies":[{"name":"wp","href":"https:\/\/api.w.org\/{rel}","templated":true}]}}