{"id":12321,"date":"2019-12-09T10:00:46","date_gmt":"2020-03-10T11:02:44","guid":{"rendered":"https:\/\/gifted-nightingale.82-223-11-116.plesk.page\/?post_type=product&#038;p=12321"},"modified":"2023-12-01T12:35:11","modified_gmt":"2023-12-01T11:35:11","slug":"tabouret-monaco-plus","status":"publish","type":"product","link":"https:\/\/reyma-mobiliario.com\/fr\/productos\/tabouret-monaco-plus\/","title":{"rendered":"Tabouret M\u00f3naco Plus"},"content":{"rendered":"<p>tabouret de structure en acier polyvalent. Sa grande vari\u00e9t\u00e9 de couleurs \u00e0 la fois dans la structure et dans les diff\u00e9rents si\u00e8ges compacts offre un large \u00e9ventail de possibilit\u00e9s pour une utilisation en int\u00e9rieur. On peut aussi lui donner une touche plus sobre en le configurant avec une assise en bois massif.<\/p>\n","protected":false},"excerpt":{"rendered":"<p><strong> Poids <\/strong>: 6,30 kg<\/p>\n<p><strong> Mat\u00e9riaux <\/strong>:<br \/>\nAssise <strong> 36&#215;31 <\/strong>: bois massif ou compact: Antarctique, blanc, beige, fr\u00eane, gris Marengo, gris argent\u00e9, Cachemire, Kenya, noir, noyer am\u00e9ricain, Pomp\u00e9i, rouge, rural, vert citron et weng\u00e9<br \/>\nCadre en acier peint: noir, gris, graphite, blanc ou d\u00e9co bois naturel<\/p>\n<p><strong>Dimensions<\/strong>:<\/p>\n<p><img loading=\"lazy\" decoding=\"async\" class=\"alignleft size-full wp-image-11924\" src=\"https:\/\/reyma-mobiliario.com\/wp-content\/uploads\/2019\/11\/monaco-plus-banqueta-1.jpg\" alt=\"Dimensions tabouret M\u00f3naco Plus REYMA\" width=\"120\" height=\"120\" \/><\/p>\n","protected":false},"featured_media":12324,"template":"","meta":[],"product_brand":[],"product_cat":[1114,1116],"product_tag":[1169,1283,1147],"class_list":{"0":"post-12321","1":"product","2":"type-product","3":"status-publish","4":"has-post-thumbnail","6":"product_cat-interieur","7":"product_cat-tabouret-dinterieur","8":"product_tag-mobilier-interieur","9":"product_tag-serie-monaco-fr","10":"product_tag-tabourets","12":"first","13":"instock","14":"shipping-taxable","15":"product-type-variable"},"aioseo_notices":[],"_links":{"self":[{"href":"https:\/\/reyma-mobiliario.com\/fr\/wp-json\/wp\/v2\/product\/12321","targetHints":{"allow":["GET"]}}],"collection":[{"href":"https:\/\/reyma-mobiliario.com\/fr\/wp-json\/wp\/v2\/product"}],"about":[{"href":"https:\/\/reyma-mobiliario.com\/fr\/wp-json\/wp\/v2\/types\/product"}],"wp:featuredmedia":[{"embeddable":true,"href":"https:\/\/reyma-mobiliario.com\/fr\/wp-json\/wp\/v2\/media\/12324"}],"wp:attachment":[{"href":"https:\/\/reyma-mobiliario.com\/fr\/wp-json\/wp\/v2\/media?parent=12321"}],"wp:term":[{"taxonomy":"product_brand","embeddable":true,"href":"https:\/\/reyma-mobiliario.com\/fr\/wp-json\/wp\/v2\/product_brand?post=12321"},{"taxonomy":"product_cat","embeddable":true,"href":"https:\/\/reyma-mobiliario.com\/fr\/wp-json\/wp\/v2\/product_cat?post=12321"},{"taxonomy":"product_tag","embeddable":true,"href":"https:\/\/reyma-mobiliario.com\/fr\/wp-json\/wp\/v2\/product_tag?post=12321"}],"curies":[{"name":"wp","href":"https:\/\/api.w.org\/{rel}","templated":true}]}}