{"id":12339,"date":"2024-11-23T10:00:19","date_gmt":"2024-11-23T09:00:19","guid":{"rendered":"https:\/\/gifted-nightingale.82-223-11-116.plesk.page\/?post_type=product&#038;p=12339"},"modified":"2026-03-23T12:50:00","modified_gmt":"2026-03-23T11:50:00","slug":"table-munich-ronde","status":"publish","type":"product","link":"https:\/\/reyma-mobiliario.com\/fr\/productos\/table-munich-ronde\/","title":{"rendered":"Table Munich base \u00d8"},"content":{"rendered":"<p>Nouvelle version de la table Munich pour l&rsquo;int\u00e9rieur avec une base \u00d848 ; disponible en plusieurs couleurs.<\/p>\n","protected":false},"excerpt":{"rendered":"<p><strong>Hauteur :<\/strong> 76 cm ou 110 cm<\/p>\n<p><strong>Mat\u00e9riaux :<\/strong> Pied : Aluminium et aluminium peint noir, taupe ou blanc.<\/p>\n<p>Plateaux : Werzalit, <a href=\"https:\/\/reyma-mobiliario.com\/categoria-producto\/tableros\/melamina\/\" target=\"_blank\" rel=\"noopener\">M\u00e9lamine<\/a> ou <a href=\"https:\/\/reyma-mobiliario.com\/categoria-producto\/tableros\/compact\/\" target=\"_blank\" rel=\"noopener\">Compact<\/a><\/p>\n<p><strong>Dimensions du plateau :<\/strong> Pour hauteur 76 : \u00d870, \u00d880, 60&#215;60, 70&#215;70 ou 80&#215;80 Pour hauteur 110 : \u00d860, \u00d870, 60&#215;60 ou 70&#215;70<\/p>\n","protected":false},"featured_media":33701,"template":"","meta":[],"product_brand":[],"product_cat":[1114,1119],"product_tag":[1144,1149,1169,2079,1276,1166],"class_list":{"0":"post-12339","1":"product","2":"type-product","3":"status-publish","4":"has-post-thumbnail","6":"product_cat-interieur","7":"product_cat-tables-dinterieur","8":"product_tag-aluminium","9":"product_tag-base-carree","10":"product_tag-mobilier-interieur","11":"product_tag-nouveau-2025","12":"product_tag-serie-munich-fr","13":"product_tag-tables-fr","15":"first","16":"instock","17":"shipping-taxable","18":"purchasable","19":"product-type-variable"},"aioseo_notices":[],"_links":{"self":[{"href":"https:\/\/reyma-mobiliario.com\/fr\/wp-json\/wp\/v2\/product\/12339","targetHints":{"allow":["GET"]}}],"collection":[{"href":"https:\/\/reyma-mobiliario.com\/fr\/wp-json\/wp\/v2\/product"}],"about":[{"href":"https:\/\/reyma-mobiliario.com\/fr\/wp-json\/wp\/v2\/types\/product"}],"wp:featuredmedia":[{"embeddable":true,"href":"https:\/\/reyma-mobiliario.com\/fr\/wp-json\/wp\/v2\/media\/33701"}],"wp:attachment":[{"href":"https:\/\/reyma-mobiliario.com\/fr\/wp-json\/wp\/v2\/media?parent=12339"}],"wp:term":[{"taxonomy":"product_brand","embeddable":true,"href":"https:\/\/reyma-mobiliario.com\/fr\/wp-json\/wp\/v2\/product_brand?post=12339"},{"taxonomy":"product_cat","embeddable":true,"href":"https:\/\/reyma-mobiliario.com\/fr\/wp-json\/wp\/v2\/product_cat?post=12339"},{"taxonomy":"product_tag","embeddable":true,"href":"https:\/\/reyma-mobiliario.com\/fr\/wp-json\/wp\/v2\/product_tag?post=12339"}],"curies":[{"name":"wp","href":"https:\/\/api.w.org\/{rel}","templated":true}]}}