{"id":12366,"date":"2020-05-08T10:00:13","date_gmt":"2020-03-10T12:27:47","guid":{"rendered":"https:\/\/gifted-nightingale.82-223-11-116.plesk.page\/?post_type=product&#038;p=12366"},"modified":"2023-11-20T18:11:26","modified_gmt":"2023-11-20T17:11:26","slug":"chaise-de-bar-orlando","status":"publish","type":"product","link":"https:\/\/reyma-mobiliario.com\/fr\/productos\/chaise-de-bar-orlando\/","title":{"rendered":"Chaise de bar Orlando"},"content":{"rendered":"<p>Chaise de bar d&rsquo;accueil sobre et \u00e9l\u00e9gant. Parfait pour une utilisation int\u00e9rieure et un environnement noble. Combinable avec diff\u00e9rentes finitions d&rsquo;assise: rembourr\u00e9e ou en bois.<\/p>\n<div><\/div>\n","protected":false},"excerpt":{"rendered":"<p><strong> Poids: <\/strong><br \/>\nassise rembourr\u00e9e: 8,40 kg<br \/>\nassise en bois lamell\u00e9: 8,20 kg<br \/>\nassise en bois massif: 8,80 kg<\/p>\n<p><strong> Mat\u00e9riaux <\/strong>:<br \/>\nStructure en acier peint: d\u00e9co noir, graphite ou bois naturel.<br \/>\nAssise:<br \/>\nbois massif.<br \/>\nbois lamell\u00e9, stratifi\u00e9: kenya, \u00e9b\u00e8ne, noyer vintage et ch\u00eane vintage.<br \/>\nRembourrage: albero, blanc, cachemire, marron, noir, rouge, indiana, panama, gris, bleu, vert, moutarde, samba ou bois de santal.<\/p>\n<p><strong>Dimensions<\/strong>:<br \/>\n<img loading=\"lazy\" decoding=\"async\" class=\"alignleft size-full wp-image-11924\" src=\"https:\/\/reyma-mobiliario.com\/wp-content\/uploads\/2019\/11\/orlando-banqueta-1.jpg\" alt=\"Dimensions tabouret Orlando REYMA\" width=\"120\" height=\"120\" \/><\/p>\n<div><\/div>\n","protected":false},"featured_media":12381,"template":"","meta":[],"product_brand":[],"product_cat":[1114,1116],"product_tag":[1169,1173,1292,1147],"class_list":{"0":"post-12366","1":"product","2":"type-product","3":"status-publish","4":"has-post-thumbnail","6":"product_cat-interieur","7":"product_cat-tabouret-dinterieur","8":"product_tag-mobilier-interieur","9":"product_tag-nouvelles-2019","10":"product_tag-serie-orlando-fr","11":"product_tag-tabourets","13":"first","14":"instock","15":"shipping-taxable","16":"purchasable","17":"product-type-variable"},"aioseo_notices":[],"_links":{"self":[{"href":"https:\/\/reyma-mobiliario.com\/fr\/wp-json\/wp\/v2\/product\/12366","targetHints":{"allow":["GET"]}}],"collection":[{"href":"https:\/\/reyma-mobiliario.com\/fr\/wp-json\/wp\/v2\/product"}],"about":[{"href":"https:\/\/reyma-mobiliario.com\/fr\/wp-json\/wp\/v2\/types\/product"}],"wp:featuredmedia":[{"embeddable":true,"href":"https:\/\/reyma-mobiliario.com\/fr\/wp-json\/wp\/v2\/media\/12381"}],"wp:attachment":[{"href":"https:\/\/reyma-mobiliario.com\/fr\/wp-json\/wp\/v2\/media?parent=12366"}],"wp:term":[{"taxonomy":"product_brand","embeddable":true,"href":"https:\/\/reyma-mobiliario.com\/fr\/wp-json\/wp\/v2\/product_brand?post=12366"},{"taxonomy":"product_cat","embeddable":true,"href":"https:\/\/reyma-mobiliario.com\/fr\/wp-json\/wp\/v2\/product_cat?post=12366"},{"taxonomy":"product_tag","embeddable":true,"href":"https:\/\/reyma-mobiliario.com\/fr\/wp-json\/wp\/v2\/product_tag?post=12366"}],"curies":[{"name":"wp","href":"https:\/\/api.w.org\/{rel}","templated":true}]}}