{"id":12404,"date":"2020-05-05T10:00:36","date_gmt":"2020-03-10T14:54:55","guid":{"rendered":"https:\/\/gifted-nightingale.82-223-11-116.plesk.page\/?post_type=product&#038;p=12404"},"modified":"2023-11-20T18:10:15","modified_gmt":"2023-11-20T17:10:15","slug":"chaise-de-bar-michigan","status":"publish","type":"product","link":"https:\/\/reyma-mobiliario.com\/fr\/productos\/chaise-de-bar-michigan\/","title":{"rendered":"Chaise de bar M\u00edchigan"},"content":{"rendered":"<p>Chaise de bar pour les environnements int\u00e9rieurs avec une grande polyvalence. Il offre, au m\u00eame titre que la chaise Michigan, la possibilit\u00e9 de combiner plusieurs pieds avec diff\u00e9rentes finitions et mat\u00e9riaux; En plus de plusieurs bo\u00eetiers pour le configurer de la mani\u00e8re qui convient le mieux \u00e0 l&rsquo;environnement que nous voulons cr\u00e9er.<\/p>\n<div><\/div>\n","protected":false},"excerpt":{"rendered":"<p><strong> Poids <\/strong>:<br \/>\navec pied M-4: 6,95 kg<br \/>\navec pied P-4: 6,50 kg<\/p>\n<p><strong> Mat\u00e9riaux <\/strong>:<br \/>\nBo\u00eetier en bois: Kenya, \u00c9b\u00e8ne, Ch\u00eane vintage, Noyer vintage, Formica: Antarctique, Noyer am\u00e9ricain et Fr\u00eane<br \/>\nPied en acier: M-4 peint en gris ou noir; P-4 d\u00e9co peint en bois naturel ou noir.<\/p>\n<p><strong>Assemblage\u00a0:<\/strong><br \/>\nA assembler, sauf le pied M-4.<br \/>\nCarter + Pied<\/p>\n<p><strong>Dimensions<\/strong>:<br \/>\n<img loading=\"lazy\" decoding=\"async\" class=\"alignleft size-full wp-image-11924\" src=\"https:\/\/reyma-mobiliario.com\/wp-content\/uploads\/2019\/11\/michigan-m-4-banqueta.jpg\" alt=\"Dimensions tabouret M\u00edchigan M-4 REYMA\" width=\"120\" height=\"120\" \/><img loading=\"lazy\" decoding=\"async\" class=\"alignleft size-full wp-image-11924\" src=\"https:\/\/reyma-mobiliario.com\/wp-content\/uploads\/2019\/11\/michigan-p-4-banqueta.jpg\" alt=\"Dimensions tabouret M\u00edchigan P-4 REYMA\" width=\"120\" height=\"120\" \/><\/p>\n<div><\/div>\n","protected":false},"featured_media":12406,"template":"","meta":[],"product_brand":[],"product_cat":[1114,1116],"product_tag":[1169,1171,1280,1147],"class_list":{"0":"post-12404","1":"product","2":"type-product","3":"status-publish","4":"has-post-thumbnail","6":"product_cat-interieur","7":"product_cat-tabouret-dinterieur","8":"product_tag-mobilier-interieur","9":"product_tag-nouvelles-2018","10":"product_tag-serie-michigan-fr","11":"product_tag-tabourets","13":"first","14":"instock","15":"shipping-taxable","16":"purchasable","17":"product-type-variable"},"aioseo_notices":[],"_links":{"self":[{"href":"https:\/\/reyma-mobiliario.com\/fr\/wp-json\/wp\/v2\/product\/12404","targetHints":{"allow":["GET"]}}],"collection":[{"href":"https:\/\/reyma-mobiliario.com\/fr\/wp-json\/wp\/v2\/product"}],"about":[{"href":"https:\/\/reyma-mobiliario.com\/fr\/wp-json\/wp\/v2\/types\/product"}],"wp:featuredmedia":[{"embeddable":true,"href":"https:\/\/reyma-mobiliario.com\/fr\/wp-json\/wp\/v2\/media\/12406"}],"wp:attachment":[{"href":"https:\/\/reyma-mobiliario.com\/fr\/wp-json\/wp\/v2\/media?parent=12404"}],"wp:term":[{"taxonomy":"product_brand","embeddable":true,"href":"https:\/\/reyma-mobiliario.com\/fr\/wp-json\/wp\/v2\/product_brand?post=12404"},{"taxonomy":"product_cat","embeddable":true,"href":"https:\/\/reyma-mobiliario.com\/fr\/wp-json\/wp\/v2\/product_cat?post=12404"},{"taxonomy":"product_tag","embeddable":true,"href":"https:\/\/reyma-mobiliario.com\/fr\/wp-json\/wp\/v2\/product_tag?post=12404"}],"curies":[{"name":"wp","href":"https:\/\/api.w.org\/{rel}","templated":true}]}}