{"id":12447,"date":"2019-12-03T10:00:24","date_gmt":"2020-03-10T15:27:05","guid":{"rendered":"https:\/\/gifted-nightingale.82-223-11-116.plesk.page\/?post_type=product&#038;p=12447"},"modified":"2023-03-02T18:01:31","modified_gmt":"2023-03-02T17:01:31","slug":"tabouret-niza","status":"publish","type":"product","link":"https:\/\/reyma-mobiliario.com\/fr\/productos\/tabouret-niza\/","title":{"rendered":"Tabouret Niza"},"content":{"rendered":"<p>Tabouret en structure de tube en aluminium \u00d828. Con\u00e7u pour une utilisation ext\u00e9rieure et int\u00e9rieure vous permet de configurer votre si\u00e8ge rond avec diff\u00e9rents mat\u00e9riaux et styles pour l&rsquo;adapter aux besoins du client et de l&rsquo;espace.<\/p>\n<div><\/div>\n","protected":false},"excerpt":{"rendered":"<p><strong> Poids: <\/strong><br \/>\nSi\u00e8ge rembourr\u00e9: 2,65 kg<br \/>\nSi\u00e8ge compact: 2,95 kg<\/p>\n<p><strong> Mat\u00e9riaux <\/strong>:<br \/>\nStructure en aluminium et aluminium peint en noir ou graphite.<\/p>\n<p>Si\u00e8ge rond:<br \/>\ncompact (31\u00d8): noir, beige, weng\u00e9, rouge, gris anthracite, gris argent\u00e9, blanc, vert citron, cachemire, kenya, fr\u00eane, noyer am\u00e9ricain, Antarctique, Pomp\u00e9i ou rural.<br \/>\nRembourrage: Indiana, Panama, bleu, gris, vert ou moutarde<\/p>\n<p><strong>Dimensions<\/strong>:<\/p>\n<p><img loading=\"lazy\" decoding=\"async\" class=\"alignleft size-full wp-image-11924\" src=\"https:\/\/reyma-mobiliario.com\/wp-content\/uploads\/2019\/11\/niza-banqueta-1.jpg\" alt=\"Dimensions tabouret Niza REYMA\" width=\"120\" height=\"120\" \/><\/p>\n<div><\/div>\n","protected":false},"featured_media":12459,"template":"","meta":[],"product_brand":[],"product_cat":[1106,1114,1107,1116],"product_tag":[1144,1155,1168,1174,1286,1147],"class_list":{"0":"post-12447","1":"product","2":"type-product","3":"status-publish","4":"has-post-thumbnail","6":"product_cat-exterieur","7":"product_cat-interieur","8":"product_cat-tabouret-dexterieur","9":"product_cat-tabouret-dinterieur","10":"product_tag-aluminium","11":"product_tag-compact-fr","12":"product_tag-mobilier-dexterieur","13":"product_tag-nouvelles-2020","14":"product_tag-serie-niza-fr","15":"product_tag-tabourets","17":"first","18":"instock","19":"shipping-taxable","20":"purchasable","21":"product-type-variable"},"aioseo_notices":[],"_links":{"self":[{"href":"https:\/\/reyma-mobiliario.com\/fr\/wp-json\/wp\/v2\/product\/12447","targetHints":{"allow":["GET"]}}],"collection":[{"href":"https:\/\/reyma-mobiliario.com\/fr\/wp-json\/wp\/v2\/product"}],"about":[{"href":"https:\/\/reyma-mobiliario.com\/fr\/wp-json\/wp\/v2\/types\/product"}],"wp:featuredmedia":[{"embeddable":true,"href":"https:\/\/reyma-mobiliario.com\/fr\/wp-json\/wp\/v2\/media\/12459"}],"wp:attachment":[{"href":"https:\/\/reyma-mobiliario.com\/fr\/wp-json\/wp\/v2\/media?parent=12447"}],"wp:term":[{"taxonomy":"product_brand","embeddable":true,"href":"https:\/\/reyma-mobiliario.com\/fr\/wp-json\/wp\/v2\/product_brand?post=12447"},{"taxonomy":"product_cat","embeddable":true,"href":"https:\/\/reyma-mobiliario.com\/fr\/wp-json\/wp\/v2\/product_cat?post=12447"},{"taxonomy":"product_tag","embeddable":true,"href":"https:\/\/reyma-mobiliario.com\/fr\/wp-json\/wp\/v2\/product_tag?post=12447"}],"curies":[{"name":"wp","href":"https:\/\/api.w.org\/{rel}","templated":true}]}}