{"id":12472,"date":"2020-05-06T10:00:40","date_gmt":"2020-03-10T15:30:54","guid":{"rendered":"https:\/\/gifted-nightingale.82-223-11-116.plesk.page\/?post_type=product&#038;p=12472"},"modified":"2023-11-10T11:50:21","modified_gmt":"2023-11-10T10:50:21","slug":"hotel-haute-55","status":"publish","type":"product","link":"https:\/\/reyma-mobiliario.com\/fr\/productos\/hotel-haute-55\/","title":{"rendered":"Table Hotel Haute 55 7550"},"content":{"rendered":"<p>Table \u00e0 base ronde large en fonte. Con\u00e7u pour une utilisation en int\u00e9rieur peut \u00eatre combin\u00e9 avec tout type de planche.<\/p>\n<div><\/div>\n","protected":false},"excerpt":{"rendered":"<p><strong> Hauteur: <\/strong> 110 cm<\/p>\n<p><strong> Mat\u00e9riaux <\/strong>: pied en fonte rond 55 cm \u00d8<\/p>\n<p>Plateaux finition Werzalit, Compact ou melamine<\/p>\n<p><strong> Mesures du plateaux: <\/strong><br \/>\n70\u00d8, 80\u00d8 et 70&#215;70<\/p>\n<div><\/div>\n","protected":false},"featured_media":12477,"template":"","meta":[],"product_brand":[],"product_cat":[1114,1119],"product_tag":[1162,1169,1806,1166],"class_list":{"0":"post-12472","1":"product","2":"type-product","3":"status-publish","4":"has-post-thumbnail","6":"product_cat-interieur","7":"product_cat-tables-dinterieur","8":"product_tag-fonte","9":"product_tag-mobilier-interieur","10":"product_tag-serie-hotel-fr","11":"product_tag-tables-fr","13":"first","14":"instock","15":"shipping-taxable","16":"product-type-simple"},"aioseo_notices":[],"_links":{"self":[{"href":"https:\/\/reyma-mobiliario.com\/fr\/wp-json\/wp\/v2\/product\/12472","targetHints":{"allow":["GET"]}}],"collection":[{"href":"https:\/\/reyma-mobiliario.com\/fr\/wp-json\/wp\/v2\/product"}],"about":[{"href":"https:\/\/reyma-mobiliario.com\/fr\/wp-json\/wp\/v2\/types\/product"}],"wp:featuredmedia":[{"embeddable":true,"href":"https:\/\/reyma-mobiliario.com\/fr\/wp-json\/wp\/v2\/media\/12477"}],"wp:attachment":[{"href":"https:\/\/reyma-mobiliario.com\/fr\/wp-json\/wp\/v2\/media?parent=12472"}],"wp:term":[{"taxonomy":"product_brand","embeddable":true,"href":"https:\/\/reyma-mobiliario.com\/fr\/wp-json\/wp\/v2\/product_brand?post=12472"},{"taxonomy":"product_cat","embeddable":true,"href":"https:\/\/reyma-mobiliario.com\/fr\/wp-json\/wp\/v2\/product_cat?post=12472"},{"taxonomy":"product_tag","embeddable":true,"href":"https:\/\/reyma-mobiliario.com\/fr\/wp-json\/wp\/v2\/product_tag?post=12472"}],"curies":[{"name":"wp","href":"https:\/\/api.w.org\/{rel}","templated":true}]}}