{"id":12478,"date":"2022-12-22T10:00:28","date_gmt":"2022-12-22T09:00:28","guid":{"rendered":"https:\/\/gifted-nightingale.82-223-11-116.plesk.page\/?post_type=product&#038;p=12478"},"modified":"2026-03-13T08:13:22","modified_gmt":"2026-03-13T07:13:22","slug":"tabouret-charlotte-in","status":"publish","type":"product","link":"https:\/\/reyma-mobiliario.com\/fr\/productos\/tabouret-charlotte-in\/","title":{"rendered":"Tabouret Charlotte IN"},"content":{"rendered":"<p>Tabouret avec deux tableaux d\u00e9cor\u00e9s pour sa structure et toute notre gamme de si\u00e8ges compacts au choix. Convient pour une utilisation int\u00e9rieure et ext\u00e9rieure.<\/p>\n<div><\/div>\n","protected":false},"excerpt":{"rendered":"<p><strong>Poids : <\/strong><br \/>\nSi\u00e8ge compact : 3,85 KG<br \/>\nSi\u00e8ge tapiss\u00e9 : 3,65 KG<\/p>\n<p><strong>Mat\u00e9riaux :<\/strong><br \/>\nStructure en aluminium peint en d\u00e9co ch\u00eane naturel ou d\u00e9co noyer clair.<br \/>\nSi\u00e8ge en bois massif \u00d8<br \/>\nSi\u00e8ge <a title=\"plateaux et si\u00e8ges compact\" href=\"https:\/\/reyma-mobiliario.com\/categoria-producto\/tableros\/compact\/\" target=\"_blank\" rel=\"noopener\">compact \u00d8<\/a><br \/>\nSi\u00e8ge tapiss\u00e9 \u00d8 : Indiana, panama, gris, bleu, vert, moutarde, samba, santal, v\u00e9suve, saphir, terre cuite ou mekong<\/p>\n<p><strong>Dimensions<\/strong> :<\/p>\n<p><img loading=\"lazy\" decoding=\"async\" class=\"alignnone size-full wp-image-11924\" src=\"https:\/\/reyma-mobiliario.com\/wp-content\/uploads\/2025\/03\/2025-charlotte-banqueta-sr.jpg\" alt=\"Dimensions Tabourtte Charlotte S\/R REYMA\" width=\"120\" height=\"120\" \/><\/p>\n<div><\/div>\n","protected":false},"featured_media":30851,"template":"","meta":[],"product_brand":[],"product_cat":[1114,1116],"product_tag":[1168,1169,2079,1173,1221,1147],"class_list":{"0":"post-12478","1":"product","2":"type-product","3":"status-publish","4":"has-post-thumbnail","6":"product_cat-interieur","7":"product_cat-tabouret-dinterieur","8":"product_tag-mobilier-dexterieur","9":"product_tag-mobilier-interieur","10":"product_tag-nouveau-2025","11":"product_tag-nouvelles-2019","12":"product_tag-serie-charlotte-fr","13":"product_tag-tabourets","15":"first","16":"instock","17":"shipping-taxable","18":"purchasable","19":"product-type-variable"},"aioseo_notices":[],"_links":{"self":[{"href":"https:\/\/reyma-mobiliario.com\/fr\/wp-json\/wp\/v2\/product\/12478","targetHints":{"allow":["GET"]}}],"collection":[{"href":"https:\/\/reyma-mobiliario.com\/fr\/wp-json\/wp\/v2\/product"}],"about":[{"href":"https:\/\/reyma-mobiliario.com\/fr\/wp-json\/wp\/v2\/types\/product"}],"wp:featuredmedia":[{"embeddable":true,"href":"https:\/\/reyma-mobiliario.com\/fr\/wp-json\/wp\/v2\/media\/30851"}],"wp:attachment":[{"href":"https:\/\/reyma-mobiliario.com\/fr\/wp-json\/wp\/v2\/media?parent=12478"}],"wp:term":[{"taxonomy":"product_brand","embeddable":true,"href":"https:\/\/reyma-mobiliario.com\/fr\/wp-json\/wp\/v2\/product_brand?post=12478"},{"taxonomy":"product_cat","embeddable":true,"href":"https:\/\/reyma-mobiliario.com\/fr\/wp-json\/wp\/v2\/product_cat?post=12478"},{"taxonomy":"product_tag","embeddable":true,"href":"https:\/\/reyma-mobiliario.com\/fr\/wp-json\/wp\/v2\/product_tag?post=12478"}],"curies":[{"name":"wp","href":"https:\/\/api.w.org\/{rel}","templated":true}]}}