{"id":12540,"date":"2020-04-10T10:00:06","date_gmt":"2020-03-10T15:40:56","guid":{"rendered":"https:\/\/gifted-nightingale.82-223-11-116.plesk.page\/?post_type=product&#038;p=12540"},"modified":"2025-07-09T12:03:54","modified_gmt":"2025-07-09T10:03:54","slug":"table-orleans","status":"publish","type":"product","link":"https:\/\/reyma-mobiliario.com\/fr\/productos\/table-orleans\/","title":{"rendered":"Table Orleans 8155T"},"content":{"rendered":"<p>Table robuste aux lignes \u00e9l\u00e9gantes. Il est sp\u00e9cial pour une utilisation en int\u00e9rieur et poss\u00e8de une colonne en fonte.<\/p>\n","protected":false},"excerpt":{"rendered":"<p><strong> Hauteur: <\/strong> 75 cm<\/p>\n<p><strong> Mat\u00e9riaux <\/strong>:<br \/>\nPied en fonte peint en noir.<\/p>\n<p>Colonne en fonte tourn\u00e9e<\/p>\n<p>Plateaux finition Werzalit, Compact et m\u00e9lamine <\/p>\n<p><strong> Mesures du plateaux <\/strong><br \/>\n\u00d880, \u00d890<br \/>\n60&#215;60, 70&#215;70, 80&#215;80 et 90&#215;90<\/p>\n","protected":false},"featured_media":12543,"template":"","meta":[],"product_brand":[],"product_cat":[1114,1119],"product_tag":[1169,1174,1293,1166],"class_list":{"0":"post-12540","1":"product","2":"type-product","3":"status-publish","4":"has-post-thumbnail","6":"product_cat-interieur","7":"product_cat-tables-dinterieur","8":"product_tag-mobilier-interieur","9":"product_tag-nouvelles-2020","10":"product_tag-serie-orleans-fr","11":"product_tag-tables-fr","13":"first","14":"instock","15":"shipping-taxable","16":"product-type-simple"},"aioseo_notices":[],"_links":{"self":[{"href":"https:\/\/reyma-mobiliario.com\/fr\/wp-json\/wp\/v2\/product\/12540","targetHints":{"allow":["GET"]}}],"collection":[{"href":"https:\/\/reyma-mobiliario.com\/fr\/wp-json\/wp\/v2\/product"}],"about":[{"href":"https:\/\/reyma-mobiliario.com\/fr\/wp-json\/wp\/v2\/types\/product"}],"wp:featuredmedia":[{"embeddable":true,"href":"https:\/\/reyma-mobiliario.com\/fr\/wp-json\/wp\/v2\/media\/12543"}],"wp:attachment":[{"href":"https:\/\/reyma-mobiliario.com\/fr\/wp-json\/wp\/v2\/media?parent=12540"}],"wp:term":[{"taxonomy":"product_brand","embeddable":true,"href":"https:\/\/reyma-mobiliario.com\/fr\/wp-json\/wp\/v2\/product_brand?post=12540"},{"taxonomy":"product_cat","embeddable":true,"href":"https:\/\/reyma-mobiliario.com\/fr\/wp-json\/wp\/v2\/product_cat?post=12540"},{"taxonomy":"product_tag","embeddable":true,"href":"https:\/\/reyma-mobiliario.com\/fr\/wp-json\/wp\/v2\/product_tag?post=12540"}],"curies":[{"name":"wp","href":"https:\/\/api.w.org\/{rel}","templated":true}]}}