{"id":12544,"date":"2020-01-12T10:00:16","date_gmt":"2020-03-10T15:43:20","guid":{"rendered":"https:\/\/gifted-nightingale.82-223-11-116.plesk.page\/?post_type=product&#038;p=12544"},"modified":"2023-11-10T12:58:04","modified_gmt":"2023-11-10T11:58:04","slug":"table-hotel-42","status":"publish","type":"product","link":"https:\/\/reyma-mobiliario.com\/fr\/productos\/table-hotel-42\/","title":{"rendered":"Table Hotel 42"},"content":{"rendered":"<p>Table en fonte et sp\u00e9ciale pour l&rsquo;int\u00e9rieur. Sa base ronde de 42 cm de diam\u00e8tre peut \u00eatre combin\u00e9e avec une colonne de fer en noir ou en bois, en plus il y a la possibilit\u00e9 de demander le pied compl\u00e8tement peint en gris. Sa grande r\u00e9sistance rend ce pied adapt\u00e9 \u00e0 tout type de mat\u00e9riau de planche.<\/p>\n<div><\/div>\n","protected":false},"excerpt":{"rendered":"<p><strong> Hauteur: <\/strong> 75 cm<\/p>\n<p><strong> Mat\u00e9riaux <\/strong>:<br \/>\nPied rond en fonte base 42 cm \u00d8<br \/>\nColonne: Fonte, peint gris, bois<\/p>\n<p>Plateaux: Werzalit, compact et m\u00e9lamine.<\/p>\n<p><strong> Mesures du plateaux: <\/strong><br \/>\n60\u00d8, 70\u00d8, 80\u00d8, 60&#215;60 et 70&#215;70<\/p>\n<div><\/div>\n","protected":false},"featured_media":12551,"template":"","meta":[],"product_brand":[],"product_cat":[1114,1119],"product_tag":[1151,1162,1169,1806,1166],"class_list":{"0":"post-12544","1":"product","2":"type-product","3":"status-publish","4":"has-post-thumbnail","6":"product_cat-interieur","7":"product_cat-tables-dinterieur","8":"product_tag-base-ronde","9":"product_tag-fonte","10":"product_tag-mobilier-interieur","11":"product_tag-serie-hotel-fr","12":"product_tag-tables-fr","14":"first","15":"instock","16":"shipping-taxable","17":"product-type-variable"},"aioseo_notices":[],"_links":{"self":[{"href":"https:\/\/reyma-mobiliario.com\/fr\/wp-json\/wp\/v2\/product\/12544","targetHints":{"allow":["GET"]}}],"collection":[{"href":"https:\/\/reyma-mobiliario.com\/fr\/wp-json\/wp\/v2\/product"}],"about":[{"href":"https:\/\/reyma-mobiliario.com\/fr\/wp-json\/wp\/v2\/types\/product"}],"wp:featuredmedia":[{"embeddable":true,"href":"https:\/\/reyma-mobiliario.com\/fr\/wp-json\/wp\/v2\/media\/12551"}],"wp:attachment":[{"href":"https:\/\/reyma-mobiliario.com\/fr\/wp-json\/wp\/v2\/media?parent=12544"}],"wp:term":[{"taxonomy":"product_brand","embeddable":true,"href":"https:\/\/reyma-mobiliario.com\/fr\/wp-json\/wp\/v2\/product_brand?post=12544"},{"taxonomy":"product_cat","embeddable":true,"href":"https:\/\/reyma-mobiliario.com\/fr\/wp-json\/wp\/v2\/product_cat?post=12544"},{"taxonomy":"product_tag","embeddable":true,"href":"https:\/\/reyma-mobiliario.com\/fr\/wp-json\/wp\/v2\/product_tag?post=12544"}],"curies":[{"name":"wp","href":"https:\/\/api.w.org\/{rel}","templated":true}]}}