{"id":12555,"date":"2020-12-12T10:00:36","date_gmt":"2020-12-12T09:00:36","guid":{"rendered":"https:\/\/gifted-nightingale.82-223-11-116.plesk.page\/?post_type=product&#038;p=12555"},"modified":"2026-03-13T08:07:15","modified_gmt":"2026-03-13T07:07:15","slug":"chaise-verdi-out","status":"publish","type":"product","link":"https:\/\/reyma-mobiliario.com\/fr\/productos\/chaise-verdi-out\/","title":{"rendered":"Chaise Verdi OUT"},"content":{"rendered":"<p>Chaise en aluminium avec diff\u00e9rentes finitions. Sp\u00e9cial pour une utilisation en ext\u00e9rieur. Il peut \u00eatre configur\u00e9 avec des si\u00e8ges int\u00e9rieurs sp\u00e9ciaux.<\/p>\n","protected":false},"excerpt":{"rendered":"<p><strong> Poids: <\/strong><br \/>\nAvec assise en textil\u00e8ne: 3,80Kg.<\/p>\n<p><strong> Mat\u00e9riaux: <\/strong><br \/>\nSupport latte en textil\u00e8ne:<br \/>\nCadre en aluminium peint d\u00e9co bambou.<br \/>\nSi\u00e8ges mansard\u00e9s: moelle noire et cr\u00e8me, osier d&rsquo;atlas, textil\u00e8ne: automne, noir ou latte.<\/p>\n<p>Dossier en textil\u00e8ne soho:<br \/>\nCadre aluminium d\u00e9co ch\u00eane naturel<br \/>\nSi\u00e8ges mansard\u00e9s: osier noire et cr\u00e8me, osier d&rsquo;atlas, textil\u00e8ne: automne, noir, soho ou latte.<\/p>\n<p><strong>Dimensions<\/strong>:<\/p>\n<p><img loading=\"lazy\" decoding=\"async\" class=\"alignleft size-full wp-image-11924\" src=\"https:\/\/reyma-mobiliario.com\/wp-content\/uploads\/2025\/03\/2025-verdi-silla.jpg\" alt=\"Dimensions chaise Verdi REYMA\" width=\"120\" height=\"120\" \/><\/p>\n","protected":false},"featured_media":29928,"template":"","meta":[],"product_brand":[],"product_cat":[1111,1106],"product_tag":[1347,1348,2079,1174,1340],"class_list":{"0":"post-12555","1":"product","2":"type-product","3":"status-publish","4":"has-post-thumbnail","6":"product_cat-chaises-dexterieur","7":"product_cat-exterieur","8":"product_tag-chaises","9":"product_tag-chaises-dexterieur","10":"product_tag-nouveau-2025","11":"product_tag-nouvelles-2020","12":"product_tag-serie-verdi-fr","14":"first","15":"instock","16":"featured","17":"shipping-taxable","18":"purchasable","19":"product-type-variable"},"aioseo_notices":[],"_links":{"self":[{"href":"https:\/\/reyma-mobiliario.com\/fr\/wp-json\/wp\/v2\/product\/12555","targetHints":{"allow":["GET"]}}],"collection":[{"href":"https:\/\/reyma-mobiliario.com\/fr\/wp-json\/wp\/v2\/product"}],"about":[{"href":"https:\/\/reyma-mobiliario.com\/fr\/wp-json\/wp\/v2\/types\/product"}],"wp:featuredmedia":[{"embeddable":true,"href":"https:\/\/reyma-mobiliario.com\/fr\/wp-json\/wp\/v2\/media\/29928"}],"wp:attachment":[{"href":"https:\/\/reyma-mobiliario.com\/fr\/wp-json\/wp\/v2\/media?parent=12555"}],"wp:term":[{"taxonomy":"product_brand","embeddable":true,"href":"https:\/\/reyma-mobiliario.com\/fr\/wp-json\/wp\/v2\/product_brand?post=12555"},{"taxonomy":"product_cat","embeddable":true,"href":"https:\/\/reyma-mobiliario.com\/fr\/wp-json\/wp\/v2\/product_cat?post=12555"},{"taxonomy":"product_tag","embeddable":true,"href":"https:\/\/reyma-mobiliario.com\/fr\/wp-json\/wp\/v2\/product_tag?post=12555"}],"curies":[{"name":"wp","href":"https:\/\/api.w.org\/{rel}","templated":true}]}}