{"id":12599,"date":"2020-10-11T10:00:46","date_gmt":"2020-03-11T09:08:36","guid":{"rendered":"https:\/\/gifted-nightingale.82-223-11-116.plesk.page\/?post_type=product&#038;p=12599"},"modified":"2025-03-14T10:59:15","modified_gmt":"2025-03-14T09:59:15","slug":"fauteuil-portofino","status":"publish","type":"product","link":"https:\/\/reyma-mobiliario.com\/fr\/productos\/fauteuil-portofino\/","title":{"rendered":"Fauteuil Portofino"},"content":{"rendered":"<p>Fauteuil sp\u00e9cial pour une utilisation en ext\u00e9rieur de tons clairs dans la structure et diff\u00e9rentes possibilit\u00e9s d&rsquo;assise pour s&rsquo;adapter aux besoins du client et de l&rsquo;environnement.<\/p>\n","protected":false},"excerpt":{"rendered":"<p><strong> Poids: <\/strong> 3,35 Kg<\/p>\n<p><strong> Mat\u00e9riaux: <\/strong><br \/>\nStructure en aluminium peint d\u00e9co bambou<br \/>\nAssise et dossier en textil\u00e8ne: noir ou latte<\/p>\n<p><strong>Dimensions<\/strong>:<\/p>\n<p><img loading=\"lazy\" decoding=\"async\" class=\"alignnone size-full wp-image-11924\" src=\"https:\/\/reyma-mobiliario.com\/wp-content\/uploads\/2025\/03\/2025-portfino-sillon.jpg\" alt=\"Dimensions Fauteuil Portofino REYMA\" width=\"120\" height=\"120\" \/><\/p>\n","protected":false},"featured_media":12603,"template":"","meta":[],"product_brand":[],"product_cat":[1106,1112],"product_tag":[1361,1168,1174,1307],"class_list":{"0":"post-12599","1":"product","2":"type-product","3":"status-publish","4":"has-post-thumbnail","6":"product_cat-exterieur","7":"product_cat-fauteuils-dexterieur","8":"product_tag-fauteuils-dexterieur","9":"product_tag-mobilier-dexterieur","10":"product_tag-nouvelles-2020","11":"product_tag-serie-portofino-fr","13":"first","14":"instock","15":"shipping-taxable","16":"purchasable","17":"product-type-variable"},"aioseo_notices":[],"_links":{"self":[{"href":"https:\/\/reyma-mobiliario.com\/fr\/wp-json\/wp\/v2\/product\/12599","targetHints":{"allow":["GET"]}}],"collection":[{"href":"https:\/\/reyma-mobiliario.com\/fr\/wp-json\/wp\/v2\/product"}],"about":[{"href":"https:\/\/reyma-mobiliario.com\/fr\/wp-json\/wp\/v2\/types\/product"}],"wp:featuredmedia":[{"embeddable":true,"href":"https:\/\/reyma-mobiliario.com\/fr\/wp-json\/wp\/v2\/media\/12603"}],"wp:attachment":[{"href":"https:\/\/reyma-mobiliario.com\/fr\/wp-json\/wp\/v2\/media?parent=12599"}],"wp:term":[{"taxonomy":"product_brand","embeddable":true,"href":"https:\/\/reyma-mobiliario.com\/fr\/wp-json\/wp\/v2\/product_brand?post=12599"},{"taxonomy":"product_cat","embeddable":true,"href":"https:\/\/reyma-mobiliario.com\/fr\/wp-json\/wp\/v2\/product_cat?post=12599"},{"taxonomy":"product_tag","embeddable":true,"href":"https:\/\/reyma-mobiliario.com\/fr\/wp-json\/wp\/v2\/product_tag?post=12599"}],"curies":[{"name":"wp","href":"https:\/\/api.w.org\/{rel}","templated":true}]}}