{"id":12610,"date":"2020-09-12T10:00:13","date_gmt":"2020-03-11T09:53:36","guid":{"rendered":"https:\/\/gifted-nightingale.82-223-11-116.plesk.page\/?post_type=product&#038;p=12610"},"modified":"2025-03-18T10:04:18","modified_gmt":"2025-03-18T09:04:18","slug":"chaise-bulevaria","status":"publish","type":"product","link":"https:\/\/reyma-mobiliario.com\/fr\/productos\/chaise-bulevaria\/","title":{"rendered":"Chaise Bulevaria"},"content":{"rendered":"<p>Chaise avec structure en aluminium et dossier en osier atlas ou noir textilene. Il est pr\u00e9sent\u00e9 dans un si\u00e8ge bulevaria en osier atlas mais peut \u00eatre combin\u00e9 avec tous les si\u00e8ges am\u00e9ricains.<\/p>\n","protected":false},"excerpt":{"rendered":"<p><strong> Poids <\/strong>:<br \/>\nAvec si\u00e8ge m\u00e9dullaire:<br \/>\nTextilene: 3,25 kg.<br \/>\nOsier: 3,50 Kg<\/p>\n<p><strong> Mat\u00e9riaux <\/strong>:<br \/>\nCadre en aluminium peint: d\u00e9co-noyer, d\u00e9co-bambou ou noir<br \/>\nSi\u00e8ge Bulevaria: osier atlas ou textil\u00e8ne noir<\/p>\n<p><strong>Dimensions<\/strong>:<\/p>\n<p><img loading=\"lazy\" decoding=\"async\" class=\"alignnone size-full wp-image-11924\" src=\"https:\/\/reyma-mobiliario.com\/wp-content\/uploads\/2025\/03\/2025-bulevaria-silla.jpg\" alt=\"Dimensions Chaise Bulevaria REYMA\" width=\"120\" height=\"120\" \/><\/p>\n","protected":false},"featured_media":12217,"template":"","meta":[],"product_brand":[],"product_cat":[1111,1106],"product_tag":[1347,1348,1174,1214],"class_list":{"0":"post-12610","1":"product","2":"type-product","3":"status-publish","4":"has-post-thumbnail","6":"product_cat-chaises-dexterieur","7":"product_cat-exterieur","8":"product_tag-chaises","9":"product_tag-chaises-dexterieur","10":"product_tag-nouvelles-2020","11":"product_tag-serie-bulevaria-fr","13":"first","14":"instock","15":"shipping-taxable","16":"purchasable","17":"product-type-variable"},"aioseo_notices":[],"_links":{"self":[{"href":"https:\/\/reyma-mobiliario.com\/fr\/wp-json\/wp\/v2\/product\/12610","targetHints":{"allow":["GET"]}}],"collection":[{"href":"https:\/\/reyma-mobiliario.com\/fr\/wp-json\/wp\/v2\/product"}],"about":[{"href":"https:\/\/reyma-mobiliario.com\/fr\/wp-json\/wp\/v2\/types\/product"}],"wp:featuredmedia":[{"embeddable":true,"href":"https:\/\/reyma-mobiliario.com\/fr\/wp-json\/wp\/v2\/media\/12217"}],"wp:attachment":[{"href":"https:\/\/reyma-mobiliario.com\/fr\/wp-json\/wp\/v2\/media?parent=12610"}],"wp:term":[{"taxonomy":"product_brand","embeddable":true,"href":"https:\/\/reyma-mobiliario.com\/fr\/wp-json\/wp\/v2\/product_brand?post=12610"},{"taxonomy":"product_cat","embeddable":true,"href":"https:\/\/reyma-mobiliario.com\/fr\/wp-json\/wp\/v2\/product_cat?post=12610"},{"taxonomy":"product_tag","embeddable":true,"href":"https:\/\/reyma-mobiliario.com\/fr\/wp-json\/wp\/v2\/product_tag?post=12610"}],"curies":[{"name":"wp","href":"https:\/\/api.w.org\/{rel}","templated":true}]}}