{"id":12611,"date":"2023-11-17T10:00:04","date_gmt":"2020-03-11T10:04:21","guid":{"rendered":"https:\/\/gifted-nightingale.82-223-11-116.plesk.page\/?post_type=product&#038;p=12611"},"modified":"2025-03-18T16:41:35","modified_gmt":"2025-03-18T15:41:35","slug":"chaise-monet-out","status":"publish","type":"product","link":"https:\/\/reyma-mobiliario.com\/fr\/productos\/chaise-monet-out\/","title":{"rendered":"Chaise Monet OUT"},"content":{"rendered":"<p>Chaise en aluminium avec finition noyer ou bambou. Il peut \u00eatre configur\u00e9 avec n&rsquo;importe quel si\u00e8ge de type grenier.<\/p>\n","protected":false},"excerpt":{"rendered":"<p><strong> Poids: <\/strong><br \/>\nAvec assise en textil\u00e8ne ou osier: 3,30Kg.<br \/>\nAvec assise en rope: 4,00 Kg<\/p>\n<p><strong> Mat\u00e9riaux: <\/strong><br \/>\nCadre en aluminium peint d\u00e9co bambou ou d\u00e9co noyer.<br \/>\nSi\u00e8ges mansard\u00e9s: rope creme ou grise, osier: noire et cr\u00e8me ou atla; textil\u00e8ne: automne, noir ou latte.<\/p>\n<p><strong>Dimensions<\/strong>:<\/p>\n<p><img loading=\"lazy\" decoding=\"async\" class=\"alignnone size-full wp-image-11924\" src=\"https:\/\/reyma-mobiliario.com\/wp-content\/uploads\/2025\/03\/2025-monet-silla.jpg\" alt=\"Dimensions Chaise Monet REYMA\" width=\"120\" height=\"120\" \/><\/p>\n","protected":false},"featured_media":28912,"template":"","meta":[],"product_brand":[],"product_cat":[1111,1106],"product_tag":[1347,1348,1360,1174,2022,1272],"class_list":{"0":"post-12611","1":"product","2":"type-product","3":"status-publish","4":"has-post-thumbnail","6":"product_cat-chaises-dexterieur","7":"product_cat-exterieur","8":"product_tag-chaises","9":"product_tag-chaises-dexterieur","10":"product_tag-chaises-dinterieur","11":"product_tag-nouvelles-2020","12":"product_tag-nouvelles-2024","13":"product_tag-serie-monet-fr","15":"first","16":"instock","17":"shipping-taxable","18":"purchasable","19":"product-type-variable"},"aioseo_notices":[],"_links":{"self":[{"href":"https:\/\/reyma-mobiliario.com\/fr\/wp-json\/wp\/v2\/product\/12611","targetHints":{"allow":["GET"]}}],"collection":[{"href":"https:\/\/reyma-mobiliario.com\/fr\/wp-json\/wp\/v2\/product"}],"about":[{"href":"https:\/\/reyma-mobiliario.com\/fr\/wp-json\/wp\/v2\/types\/product"}],"wp:featuredmedia":[{"embeddable":true,"href":"https:\/\/reyma-mobiliario.com\/fr\/wp-json\/wp\/v2\/media\/28912"}],"wp:attachment":[{"href":"https:\/\/reyma-mobiliario.com\/fr\/wp-json\/wp\/v2\/media?parent=12611"}],"wp:term":[{"taxonomy":"product_brand","embeddable":true,"href":"https:\/\/reyma-mobiliario.com\/fr\/wp-json\/wp\/v2\/product_brand?post=12611"},{"taxonomy":"product_cat","embeddable":true,"href":"https:\/\/reyma-mobiliario.com\/fr\/wp-json\/wp\/v2\/product_cat?post=12611"},{"taxonomy":"product_tag","embeddable":true,"href":"https:\/\/reyma-mobiliario.com\/fr\/wp-json\/wp\/v2\/product_tag?post=12611"}],"curies":[{"name":"wp","href":"https:\/\/api.w.org\/{rel}","templated":true}]}}