{"id":12612,"date":"2020-10-07T10:00:33","date_gmt":"2020-03-11T12:01:44","guid":{"rendered":"https:\/\/gifted-nightingale.82-223-11-116.plesk.page\/?post_type=product&#038;p=12612"},"modified":"2023-02-27T18:07:41","modified_gmt":"2023-02-27T17:07:41","slug":"fauteuil-parma","status":"publish","type":"product","link":"https:\/\/reyma-mobiliario.com\/fr\/productos\/fauteuil-parma\/","title":{"rendered":"Fauteuil Parma"},"content":{"rendered":"<p>Fauteuil avec structure en aluminium, tr\u00e8s similaire au mod\u00e8le modena mais avec assise et coussin en textil\u00e8ne de la m\u00eame couleur. Id\u00e9al pour donner une touche \u00e9l\u00e9gante \u00e0 n&rsquo;importe quelle terrasse et adapt\u00e9 \u00e0 une utilisation int\u00e9rieure et ext\u00e9rieure.<\/p>\n","protected":false},"excerpt":{"rendered":"<p><strong> Poids: <\/strong>4,95 Kg<\/p>\n<p><strong> Mat\u00e9riaux: <\/strong><br \/>\nStructure en aluminium peint graphite.<br \/>\nDossier et coussin en textil\u00e8ne automne.<\/p>\n<p><strong>Dimensions<\/strong>:<\/p>\n<p><img loading=\"lazy\" decoding=\"async\" class=\"alignnone size-full wp-image-11924\" src=\"https:\/\/reyma-mobiliario.com\/wp-content\/uploads\/2020\/01\/parma-sillon-1.jpg\" alt=\"Dimensions Fauteuil Parma REYMA\" width=\"120\" height=\"120\" \/><\/p>\n","protected":false},"featured_media":12616,"template":"","meta":[],"product_brand":[],"product_cat":[1106,1112],"product_tag":[1361,1168,1301,1358],"class_list":{"0":"post-12612","1":"product","2":"type-product","3":"status-publish","4":"has-post-thumbnail","6":"product_cat-exterieur","7":"product_cat-fauteuils-dexterieur","8":"product_tag-fauteuils-dexterieur","9":"product_tag-mobilier-dexterieur","10":"product_tag-serie-parma-fr","11":"product_tag-textilene-fr","13":"first","14":"instock","15":"shipping-taxable","16":"product-type-simple"},"aioseo_notices":[],"_links":{"self":[{"href":"https:\/\/reyma-mobiliario.com\/fr\/wp-json\/wp\/v2\/product\/12612","targetHints":{"allow":["GET"]}}],"collection":[{"href":"https:\/\/reyma-mobiliario.com\/fr\/wp-json\/wp\/v2\/product"}],"about":[{"href":"https:\/\/reyma-mobiliario.com\/fr\/wp-json\/wp\/v2\/types\/product"}],"wp:featuredmedia":[{"embeddable":true,"href":"https:\/\/reyma-mobiliario.com\/fr\/wp-json\/wp\/v2\/media\/12616"}],"wp:attachment":[{"href":"https:\/\/reyma-mobiliario.com\/fr\/wp-json\/wp\/v2\/media?parent=12612"}],"wp:term":[{"taxonomy":"product_brand","embeddable":true,"href":"https:\/\/reyma-mobiliario.com\/fr\/wp-json\/wp\/v2\/product_brand?post=12612"},{"taxonomy":"product_cat","embeddable":true,"href":"https:\/\/reyma-mobiliario.com\/fr\/wp-json\/wp\/v2\/product_cat?post=12612"},{"taxonomy":"product_tag","embeddable":true,"href":"https:\/\/reyma-mobiliario.com\/fr\/wp-json\/wp\/v2\/product_tag?post=12612"}],"curies":[{"name":"wp","href":"https:\/\/api.w.org\/{rel}","templated":true}]}}