{"id":12629,"date":"2020-12-11T10:00:16","date_gmt":"2020-03-11T12:13:53","guid":{"rendered":"https:\/\/gifted-nightingale.82-223-11-116.plesk.page\/?post_type=product&#038;p=12629"},"modified":"2025-03-14T13:36:10","modified_gmt":"2025-03-14T12:36:10","slug":"fauteuil-orleans-nouvelles-couleurs","status":"publish","type":"product","link":"https:\/\/reyma-mobiliario.com\/fr\/productos\/fauteuil-orleans-nouvelles-couleurs\/","title":{"rendered":"Fauteuil Orleans Osier"},"content":{"rendered":"<p>Fauteuil de style parisien en aluminium peint. Id\u00e9al pour une utilisation en ext\u00e9rieur avec assise et dossier en moelle tress\u00e9e de deux couleurs.<\/p>\n","protected":false},"excerpt":{"rendered":"<p><strong> Poids: <\/strong> 4,40 kg<\/p>\n<p><strong> Mat\u00e9riaux: <\/strong><br \/>\nStructure en aluminium peint d\u00e9co noyer<br \/>\nAssise et dossier: osier: noir et cr\u00e8me; ou vert et cr\u00e8me.<\/p>\n<p>Structure en aluminium peint d\u00e9co bambou<br \/>\nAssise et dossier osier: gris et blanc; ou bleu et blanc<\/p>\n<p><strong>Dimensions<\/strong>:<\/p>\n<p><img loading=\"lazy\" decoding=\"async\" class=\"alignnone size-full wp-image-11924\" src=\"https:\/\/reyma-mobiliario.com\/wp-content\/uploads\/2025\/03\/2025-orleans-sillon.jpg\" alt=\"Dimensions Fauteuil Orleans REYMA\" width=\"120\" height=\"120\" \/><\/p>\n","protected":false},"featured_media":12631,"template":"","meta":[],"product_brand":[],"product_cat":[1106,1112],"product_tag":[1349,1361,1168,1173,1174,1293],"class_list":{"0":"post-12629","1":"product","2":"type-product","3":"status-publish","4":"has-post-thumbnail","6":"product_cat-exterieur","7":"product_cat-fauteuils-dexterieur","8":"product_tag-fauteuils","9":"product_tag-fauteuils-dexterieur","10":"product_tag-mobilier-dexterieur","11":"product_tag-nouvelles-2019","12":"product_tag-nouvelles-2020","13":"product_tag-serie-orleans-fr","15":"first","16":"instock","17":"shipping-taxable","18":"purchasable","19":"product-type-variable"},"aioseo_notices":[],"_links":{"self":[{"href":"https:\/\/reyma-mobiliario.com\/fr\/wp-json\/wp\/v2\/product\/12629","targetHints":{"allow":["GET"]}}],"collection":[{"href":"https:\/\/reyma-mobiliario.com\/fr\/wp-json\/wp\/v2\/product"}],"about":[{"href":"https:\/\/reyma-mobiliario.com\/fr\/wp-json\/wp\/v2\/types\/product"}],"wp:featuredmedia":[{"embeddable":true,"href":"https:\/\/reyma-mobiliario.com\/fr\/wp-json\/wp\/v2\/media\/12631"}],"wp:attachment":[{"href":"https:\/\/reyma-mobiliario.com\/fr\/wp-json\/wp\/v2\/media?parent=12629"}],"wp:term":[{"taxonomy":"product_brand","embeddable":true,"href":"https:\/\/reyma-mobiliario.com\/fr\/wp-json\/wp\/v2\/product_brand?post=12629"},{"taxonomy":"product_cat","embeddable":true,"href":"https:\/\/reyma-mobiliario.com\/fr\/wp-json\/wp\/v2\/product_cat?post=12629"},{"taxonomy":"product_tag","embeddable":true,"href":"https:\/\/reyma-mobiliario.com\/fr\/wp-json\/wp\/v2\/product_tag?post=12629"}],"curies":[{"name":"wp","href":"https:\/\/api.w.org\/{rel}","templated":true}]}}