{"id":12634,"date":"2017-01-10T10:00:36","date_gmt":"2017-01-10T09:00:36","guid":{"rendered":"https:\/\/gifted-nightingale.82-223-11-116.plesk.page\/?post_type=product&#038;p=12634"},"modified":"2026-03-04T14:45:16","modified_gmt":"2026-03-04T13:45:16","slug":"chaise-de-bar-tivoli","status":"publish","type":"product","link":"https:\/\/reyma-mobiliario.com\/fr\/productos\/chaise-de-bar-tivoli\/","title":{"rendered":"Chaise de bar Tivoli"},"content":{"rendered":"<p>Chaise de bar de style parisien avec cordon tress\u00e9 bicolore. Avec une structure en aluminium peint, il est id\u00e9al pour une utilisation en ext\u00e9rieur.<\/p>\n","protected":false},"excerpt":{"rendered":"<p><strong>Poids : <\/strong> 5,05 Kg<\/p>\n<p><strong>Mat\u00e9riaux :<\/strong><br \/>\nStructure en aluminium peint en d\u00e9co noyer<br \/>\nSi\u00e8ge et dossier en osier : noir et cr\u00e8me ; vert et cr\u00e8me ; ou rouge et cr\u00e8me.<\/p>\n<p>Structure en aluminium peint en d\u00e9co bambou<br \/>\nSi\u00e8ge et dossier en osier: gris et blanc ; ou bleu et blanc.<\/p>\n<p>Structure en aluminium peint en d\u00e9co ch\u00eane naturel<br \/>\nSi\u00e8ge et dossier en osier: noir et cr\u00e8me, ou vert et cr\u00e8me.<\/p>\n<p><strong>Dimensions<\/strong> :<br \/>\n<img loading=\"lazy\" decoding=\"async\" class=\"alignnone size-full wp-image-11924\" src=\"https:\/\/reyma-mobiliario.com\/wp-content\/uploads\/2025\/03\/2025-tivoli-banqueta.jpg\" alt=\"Dimensions Banquette Tivoli REYMA\" width=\"120\" height=\"120\" \/><\/p>\n","protected":false},"featured_media":30980,"template":"","meta":[],"product_brand":[],"product_cat":[1106,1107],"product_tag":[1168,2079,1173,1174,1326,1147],"class_list":{"0":"post-12634","1":"product","2":"type-product","3":"status-publish","4":"has-post-thumbnail","6":"product_cat-exterieur","7":"product_cat-tabouret-dexterieur","8":"product_tag-mobilier-dexterieur","9":"product_tag-nouveau-2025","10":"product_tag-nouvelles-2019","11":"product_tag-nouvelles-2020","12":"product_tag-serie-tivoli-fr","13":"product_tag-tabourets","15":"first","16":"instock","17":"shipping-taxable","18":"purchasable","19":"product-type-variable"},"aioseo_notices":[],"_links":{"self":[{"href":"https:\/\/reyma-mobiliario.com\/fr\/wp-json\/wp\/v2\/product\/12634","targetHints":{"allow":["GET"]}}],"collection":[{"href":"https:\/\/reyma-mobiliario.com\/fr\/wp-json\/wp\/v2\/product"}],"about":[{"href":"https:\/\/reyma-mobiliario.com\/fr\/wp-json\/wp\/v2\/types\/product"}],"wp:featuredmedia":[{"embeddable":true,"href":"https:\/\/reyma-mobiliario.com\/fr\/wp-json\/wp\/v2\/media\/30980"}],"wp:attachment":[{"href":"https:\/\/reyma-mobiliario.com\/fr\/wp-json\/wp\/v2\/media?parent=12634"}],"wp:term":[{"taxonomy":"product_brand","embeddable":true,"href":"https:\/\/reyma-mobiliario.com\/fr\/wp-json\/wp\/v2\/product_brand?post=12634"},{"taxonomy":"product_cat","embeddable":true,"href":"https:\/\/reyma-mobiliario.com\/fr\/wp-json\/wp\/v2\/product_cat?post=12634"},{"taxonomy":"product_tag","embeddable":true,"href":"https:\/\/reyma-mobiliario.com\/fr\/wp-json\/wp\/v2\/product_tag?post=12634"}],"curies":[{"name":"wp","href":"https:\/\/api.w.org\/{rel}","templated":true}]}}