{"id":12648,"date":"2017-09-19T10:00:35","date_gmt":"2020-03-11T15:47:37","guid":{"rendered":"https:\/\/gifted-nightingale.82-223-11-116.plesk.page\/?post_type=product&#038;p=12648"},"modified":"2023-11-13T13:19:31","modified_gmt":"2023-11-13T12:19:31","slug":"table-pliante-norvegienne-nouvelles-couleurs","status":"publish","type":"product","link":"https:\/\/reyma-mobiliario.com\/fr\/productos\/table-pliante-norvegienne-nouvelles-couleurs\/","title":{"rendered":"Table norv\u00e9gienne 9477"},"content":{"rendered":"<p><strong>Table pliante<\/strong> avec syst\u00e8me int\u00e9gr\u00e9 dans toutes ses versions pour terrasse avec plateau rond et carr\u00e9. Offre une capacit\u00e9 de stockage r\u00e9duite. Sa structure en aluminium offre la possibilit\u00e9 d&rsquo;une utilisation en ext\u00e9rieur.<\/p>\n","protected":false},"excerpt":{"rendered":"<p><strong> Hauteur: <\/strong> 75 cm<\/p>\n<p><strong> Mat\u00e9riaux <\/strong>:<br \/>\nStructure en aluminium peint en gris, graphite, blanc, noir ou taupe avec syst\u00e8me de pliage<\/p>\n<p>plateaux: werzalit ou Compact<\/p>\n<p><strong> Mesures du plateaux <\/strong><br \/>\n60&#215;60, 70&#215;70 et 80&#215;80<\/p>\n","protected":false},"featured_media":16937,"template":"","meta":[],"product_brand":[],"product_cat":[1106,1110],"product_tag":[1144,1168,1138,1287,1779,1166],"class_list":{"0":"post-12648","1":"product","2":"type-product","3":"status-publish","4":"has-post-thumbnail","6":"product_cat-exterieur","7":"product_cat-tables-dexterieur","8":"product_tag-aluminium","9":"product_tag-mobilier-dexterieur","10":"product_tag-pliable","11":"product_tag-serie-noruega-fr","12":"product_tag-systeme-de-pliage","13":"product_tag-tables-fr","15":"first","16":"instock","17":"shipping-taxable","18":"purchasable","19":"product-type-variable"},"aioseo_notices":[],"_links":{"self":[{"href":"https:\/\/reyma-mobiliario.com\/fr\/wp-json\/wp\/v2\/product\/12648","targetHints":{"allow":["GET"]}}],"collection":[{"href":"https:\/\/reyma-mobiliario.com\/fr\/wp-json\/wp\/v2\/product"}],"about":[{"href":"https:\/\/reyma-mobiliario.com\/fr\/wp-json\/wp\/v2\/types\/product"}],"wp:featuredmedia":[{"embeddable":true,"href":"https:\/\/reyma-mobiliario.com\/fr\/wp-json\/wp\/v2\/media\/16937"}],"wp:attachment":[{"href":"https:\/\/reyma-mobiliario.com\/fr\/wp-json\/wp\/v2\/media?parent=12648"}],"wp:term":[{"taxonomy":"product_brand","embeddable":true,"href":"https:\/\/reyma-mobiliario.com\/fr\/wp-json\/wp\/v2\/product_brand?post=12648"},{"taxonomy":"product_cat","embeddable":true,"href":"https:\/\/reyma-mobiliario.com\/fr\/wp-json\/wp\/v2\/product_cat?post=12648"},{"taxonomy":"product_tag","embeddable":true,"href":"https:\/\/reyma-mobiliario.com\/fr\/wp-json\/wp\/v2\/product_tag?post=12648"}],"curies":[{"name":"wp","href":"https:\/\/api.w.org\/{rel}","templated":true}]}}