{"id":12664,"date":"2020-10-04T10:00:46","date_gmt":"2020-03-11T16:06:00","guid":{"rendered":"https:\/\/gifted-nightingale.82-223-11-116.plesk.page\/?post_type=product&#038;p=12664"},"modified":"2025-03-18T09:55:25","modified_gmt":"2025-03-18T08:55:25","slug":"fauteuil-bulevar","status":"publish","type":"product","link":"https:\/\/reyma-mobiliario.com\/fr\/productos\/fauteuil-bulevar\/","title":{"rendered":"Fauteuil Bulevar"},"content":{"rendered":"<p>Fauteuil moderne de style vintage en aluminium peint d\u00e9co noyer. Con\u00e7u pour une utilisation en ext\u00e9rieur est parfait pour toute terrasse ou espace.<\/p>\n","protected":false},"excerpt":{"rendered":"<p><strong> Poids <\/strong>:<br \/>\nOsier: 4,05 kg<br \/>\nTextilene: 3,70 Kg<\/p>\n<p><strong> Mat\u00e9riaux <\/strong>:<br \/>\nCadre en aluminium peint d\u00e9co-noyer<br \/>\nAssise: osier noire et cr\u00e8me ou textilene noir ou d&rsquo;or<\/p>\n<p><strong>Dimensions<\/strong>:<\/p>\n<p><img loading=\"lazy\" decoding=\"async\" class=\"alignnone size-full wp-image-11924\" src=\"https:\/\/reyma-mobiliario.com\/wp-content\/uploads\/2025\/03\/2025-bulevar-sillon.jpg\" alt=\"Dimensions Fauteuil Bulevar REYMA\" width=\"120\" height=\"120\" \/><\/p>\n","protected":false},"featured_media":25716,"template":"","meta":[],"product_brand":[],"product_cat":[1106,1112],"product_tag":[1349,1361,1173,1213],"class_list":{"0":"post-12664","1":"product","2":"type-product","3":"status-publish","4":"has-post-thumbnail","6":"product_cat-exterieur","7":"product_cat-fauteuils-dexterieur","8":"product_tag-fauteuils","9":"product_tag-fauteuils-dexterieur","10":"product_tag-nouvelles-2019","11":"product_tag-serie-bulevar-fr","13":"first","14":"instock","15":"shipping-taxable","16":"purchasable","17":"product-type-variable"},"aioseo_notices":[],"_links":{"self":[{"href":"https:\/\/reyma-mobiliario.com\/fr\/wp-json\/wp\/v2\/product\/12664","targetHints":{"allow":["GET"]}}],"collection":[{"href":"https:\/\/reyma-mobiliario.com\/fr\/wp-json\/wp\/v2\/product"}],"about":[{"href":"https:\/\/reyma-mobiliario.com\/fr\/wp-json\/wp\/v2\/types\/product"}],"wp:featuredmedia":[{"embeddable":true,"href":"https:\/\/reyma-mobiliario.com\/fr\/wp-json\/wp\/v2\/media\/25716"}],"wp:attachment":[{"href":"https:\/\/reyma-mobiliario.com\/fr\/wp-json\/wp\/v2\/media?parent=12664"}],"wp:term":[{"taxonomy":"product_brand","embeddable":true,"href":"https:\/\/reyma-mobiliario.com\/fr\/wp-json\/wp\/v2\/product_brand?post=12664"},{"taxonomy":"product_cat","embeddable":true,"href":"https:\/\/reyma-mobiliario.com\/fr\/wp-json\/wp\/v2\/product_cat?post=12664"},{"taxonomy":"product_tag","embeddable":true,"href":"https:\/\/reyma-mobiliario.com\/fr\/wp-json\/wp\/v2\/product_tag?post=12664"}],"curies":[{"name":"wp","href":"https:\/\/api.w.org\/{rel}","templated":true}]}}