{"id":12703,"date":"2020-10-10T10:00:21","date_gmt":"2020-10-10T08:00:21","guid":{"rendered":"https:\/\/gifted-nightingale.82-223-11-116.plesk.page\/?post_type=product&#038;p=12703"},"modified":"2026-03-04T12:00:16","modified_gmt":"2026-03-04T11:00:16","slug":"fauteuil-filipinas-osier","status":"publish","type":"product","link":"https:\/\/reyma-mobiliario.com\/fr\/productos\/fauteuil-filipinas-osier\/","title":{"rendered":"Fauteuil Filipinas Osier"},"content":{"rendered":"<p>Fauteuil robuste pour une utilisation en ext\u00e9rieur. Ses formes arrondies et sa vari\u00e9t\u00e9 de couleurs permettent de cr\u00e9er diff\u00e9rentes ambiances cosy qui vous invitent \u00e0 rester.<\/p>\n","protected":false},"excerpt":{"rendered":"<p><strong> Poids: <\/strong> 4,05 kg<\/p>\n<p><strong> Mat\u00e9riaux: <\/strong><br \/>\nCadre aluminium d\u00e9co bambou peint<br \/>\nAssise et dossier: Osier Vert et cr\u00e8me.<\/p>\n<p>Cadre aluminium d\u00e9co ch\u00eane naturel peint<br \/>\nAssise et dossier: Osier Noire et cr\u00e8me ou Rouge et cr\u00e8me.<\/p>\n<p><strong>Dimensions<\/strong>:<\/p>\n<p><img loading=\"lazy\" decoding=\"async\" class=\"alignnone size-full wp-image-11924\" src=\"https:\/\/reyma-mobiliario.com\/wp-content\/uploads\/2025\/03\/2025-filipinas-sillon.jpg\" alt=\"Dimensions Fauteuil Filipinas REYMA\" width=\"120\" height=\"120\" \/><\/p>\n","protected":false},"featured_media":30336,"template":"","meta":[],"product_brand":[],"product_cat":[1106,1112],"product_tag":[1361,1168,2079,1174,1170,1238],"class_list":{"0":"post-12703","1":"product","2":"type-product","3":"status-publish","4":"has-post-thumbnail","6":"product_cat-exterieur","7":"product_cat-fauteuils-dexterieur","8":"product_tag-fauteuils-dexterieur","9":"product_tag-mobilier-dexterieur","10":"product_tag-nouveau-2025","11":"product_tag-nouvelles-2020","12":"product_tag-osier","13":"product_tag-serie-filipinas-fr","15":"first","16":"instock","17":"shipping-taxable","18":"purchasable","19":"product-type-variable"},"aioseo_notices":[],"_links":{"self":[{"href":"https:\/\/reyma-mobiliario.com\/fr\/wp-json\/wp\/v2\/product\/12703","targetHints":{"allow":["GET"]}}],"collection":[{"href":"https:\/\/reyma-mobiliario.com\/fr\/wp-json\/wp\/v2\/product"}],"about":[{"href":"https:\/\/reyma-mobiliario.com\/fr\/wp-json\/wp\/v2\/types\/product"}],"wp:featuredmedia":[{"embeddable":true,"href":"https:\/\/reyma-mobiliario.com\/fr\/wp-json\/wp\/v2\/media\/30336"}],"wp:attachment":[{"href":"https:\/\/reyma-mobiliario.com\/fr\/wp-json\/wp\/v2\/media?parent=12703"}],"wp:term":[{"taxonomy":"product_brand","embeddable":true,"href":"https:\/\/reyma-mobiliario.com\/fr\/wp-json\/wp\/v2\/product_brand?post=12703"},{"taxonomy":"product_cat","embeddable":true,"href":"https:\/\/reyma-mobiliario.com\/fr\/wp-json\/wp\/v2\/product_cat?post=12703"},{"taxonomy":"product_tag","embeddable":true,"href":"https:\/\/reyma-mobiliario.com\/fr\/wp-json\/wp\/v2\/product_tag?post=12703"}],"curies":[{"name":"wp","href":"https:\/\/api.w.org\/{rel}","templated":true}]}}