{"id":12733,"date":"2020-10-08T10:00:00","date_gmt":"2020-03-16T11:13:36","guid":{"rendered":"https:\/\/gifted-nightingale.82-223-11-116.plesk.page\/?post_type=product&#038;p=12733"},"modified":"2025-03-14T13:22:40","modified_gmt":"2025-03-14T12:22:40","slug":"chaise-paris-nouvelles-couleurs","status":"publish","type":"product","link":"https:\/\/reyma-mobiliario.com\/fr\/productos\/chaise-paris-nouvelles-couleurs\/","title":{"rendered":"Chaise Par\u00eds"},"content":{"rendered":"<p>Chaise dans le plus pur style parisien avec moelle bicolore. Id\u00e9al pour les environnements int\u00e9rieurs et ext\u00e9rieurs. Avec cadre en aluminium peint et si\u00e8ge tiss\u00e9 moelleux.<\/p>\n","protected":false},"excerpt":{"rendered":"<p><strong> Poids: <\/strong> 4,00 kg<\/p>\n<p><strong> Mat\u00e9riaux <\/strong>:<br \/>\nCadre en aluminium peint deco noyer<br \/>\nAssise et dossier osier: vert et cr\u00e8me; noir et cr\u00e8me; <\/p>\n<p>Cadre en aluminium peint d\u00e9co bambou<br \/>\nAssise et dossier osier: bleu et blanc.<\/p>\n<p><strong>Dimensions<\/strong>:<\/p>\n<p><img loading=\"lazy\" decoding=\"async\" class=\"alignnone size-full wp-image-11924\" src=\"https:\/\/reyma-mobiliario.com\/wp-content\/uploads\/2025\/03\/2025-paris-silla.jpg\" alt=\"Dimensions Chaise Par\u00eds REYMA\" width=\"120\" height=\"120\" \/><\/p>\n","protected":false},"featured_media":12735,"template":"","meta":[],"product_brand":[],"product_cat":[1111,1106],"product_tag":[1347,1168,1171,1173,1174,1170,1299],"class_list":{"0":"post-12733","1":"product","2":"type-product","3":"status-publish","4":"has-post-thumbnail","6":"product_cat-chaises-dexterieur","7":"product_cat-exterieur","8":"product_tag-chaises","9":"product_tag-mobilier-dexterieur","10":"product_tag-nouvelles-2018","11":"product_tag-nouvelles-2019","12":"product_tag-nouvelles-2020","13":"product_tag-osier","14":"product_tag-serie-paris-fr","16":"first","17":"instock","18":"shipping-taxable","19":"purchasable","20":"product-type-variable"},"aioseo_notices":[],"_links":{"self":[{"href":"https:\/\/reyma-mobiliario.com\/fr\/wp-json\/wp\/v2\/product\/12733","targetHints":{"allow":["GET"]}}],"collection":[{"href":"https:\/\/reyma-mobiliario.com\/fr\/wp-json\/wp\/v2\/product"}],"about":[{"href":"https:\/\/reyma-mobiliario.com\/fr\/wp-json\/wp\/v2\/types\/product"}],"wp:featuredmedia":[{"embeddable":true,"href":"https:\/\/reyma-mobiliario.com\/fr\/wp-json\/wp\/v2\/media\/12735"}],"wp:attachment":[{"href":"https:\/\/reyma-mobiliario.com\/fr\/wp-json\/wp\/v2\/media?parent=12733"}],"wp:term":[{"taxonomy":"product_brand","embeddable":true,"href":"https:\/\/reyma-mobiliario.com\/fr\/wp-json\/wp\/v2\/product_brand?post=12733"},{"taxonomy":"product_cat","embeddable":true,"href":"https:\/\/reyma-mobiliario.com\/fr\/wp-json\/wp\/v2\/product_cat?post=12733"},{"taxonomy":"product_tag","embeddable":true,"href":"https:\/\/reyma-mobiliario.com\/fr\/wp-json\/wp\/v2\/product_tag?post=12733"}],"curies":[{"name":"wp","href":"https:\/\/api.w.org\/{rel}","templated":true}]}}