{"id":12750,"date":"2020-09-07T10:00:51","date_gmt":"2020-09-07T08:00:51","guid":{"rendered":"https:\/\/gifted-nightingale.82-223-11-116.plesk.page\/?post_type=product&#038;p=12750"},"modified":"2026-02-23T14:30:58","modified_gmt":"2026-02-23T13:30:58","slug":"fauteuil-paris","status":"publish","type":"product","link":"https:\/\/reyma-mobiliario.com\/fr\/productos\/fauteuil-paris\/","title":{"rendered":"Fauteuil Paris"},"content":{"rendered":"<p>Fauteuil robuste id\u00e9al pour l&rsquo;ext\u00e9rieur et l&rsquo;int\u00e9rieur. Structure en aluminium peint et finition tiss\u00e9e de osier.<\/p>\n","protected":false},"excerpt":{"rendered":"<p><strong> Poids <\/strong>: 4,50 kg<\/p>\n<p><strong> Mat\u00e9riaux <\/strong>:<br \/>\nCadre en aluminium peint deco noyer<br \/>\nAssise et dossier de osier: vert et cr\u00e8me; noir et cr\u00e8me;<\/p>\n<p>Cadre en aluminium peint d\u00e9co bambou<br \/>\nAssise et dossier de osier: bleu et blanc.<\/p>\n<p><strong>Dimensions<\/strong>:<\/p>\n<p><img loading=\"lazy\" decoding=\"async\" class=\"alignnone size-full wp-image-11924\" src=\"https:\/\/reyma-mobiliario.com\/wp-content\/uploads\/2025\/03\/2025-paris-sillon.jpg\" alt=\"Dimensions Fauteuil Par\u00eds REYMA\" width=\"120\" height=\"120\" \/><\/p>\n","protected":false},"featured_media":12758,"template":"","meta":[],"product_brand":[],"product_cat":[1106,1112],"product_tag":[1362,1168,1171,1173,1174,1170,1299],"class_list":{"0":"post-12750","1":"product","2":"type-product","3":"status-publish","4":"has-post-thumbnail","6":"product_cat-exterieur","7":"product_cat-fauteuils-dexterieur","8":"product_tag-fauteuil","9":"product_tag-mobilier-dexterieur","10":"product_tag-nouvelles-2018","11":"product_tag-nouvelles-2019","12":"product_tag-nouvelles-2020","13":"product_tag-osier","14":"product_tag-serie-paris-fr","16":"first","17":"instock","18":"shipping-taxable","19":"purchasable","20":"product-type-variable"},"aioseo_notices":[],"_links":{"self":[{"href":"https:\/\/reyma-mobiliario.com\/fr\/wp-json\/wp\/v2\/product\/12750","targetHints":{"allow":["GET"]}}],"collection":[{"href":"https:\/\/reyma-mobiliario.com\/fr\/wp-json\/wp\/v2\/product"}],"about":[{"href":"https:\/\/reyma-mobiliario.com\/fr\/wp-json\/wp\/v2\/types\/product"}],"wp:featuredmedia":[{"embeddable":true,"href":"https:\/\/reyma-mobiliario.com\/fr\/wp-json\/wp\/v2\/media\/12758"}],"wp:attachment":[{"href":"https:\/\/reyma-mobiliario.com\/fr\/wp-json\/wp\/v2\/media?parent=12750"}],"wp:term":[{"taxonomy":"product_brand","embeddable":true,"href":"https:\/\/reyma-mobiliario.com\/fr\/wp-json\/wp\/v2\/product_brand?post=12750"},{"taxonomy":"product_cat","embeddable":true,"href":"https:\/\/reyma-mobiliario.com\/fr\/wp-json\/wp\/v2\/product_cat?post=12750"},{"taxonomy":"product_tag","embeddable":true,"href":"https:\/\/reyma-mobiliario.com\/fr\/wp-json\/wp\/v2\/product_tag?post=12750"}],"curies":[{"name":"wp","href":"https:\/\/api.w.org\/{rel}","templated":true}]}}