{"id":12766,"date":"2020-10-06T10:00:34","date_gmt":"2020-03-16T11:31:45","guid":{"rendered":"https:\/\/gifted-nightingale.82-223-11-116.plesk.page\/?post_type=product&#038;p=12766"},"modified":"2023-11-13T12:12:53","modified_gmt":"2023-11-13T11:12:53","slug":"table-noruega-rectangulaire","status":"publish","type":"product","link":"https:\/\/reyma-mobiliario.com\/fr\/productos\/table-noruega-rectangulaire\/","title":{"rendered":"Table Noruega rectangulaire 9411"},"content":{"rendered":"<p>Table pliante pour la restauration en aluminium avec double pied et syst\u00e8me de pliage avec serrure de s\u00e9curit\u00e9 int\u00e9gr\u00e9e dans toutes ses versions. Convient pour une utilisation int\u00e9rieure et ext\u00e9rieure.<\/p>\n","protected":false},"excerpt":{"rendered":"<p><strong> Hauteur: <\/strong> 74 cm<br \/>\n<strong> Poids du pied sans planche: <\/strong> 5,70 kg<\/p>\n<p><strong> Mat\u00e9riaux <\/strong>:<br \/>\nStructure en aluminium peint en gris, graphite, blanc, noir ou taupe; tous avec syst\u00e8me de pliage<\/p>\n<p>Plateaux: werzalit ou Compact<\/p>\n<p><strong> Dimensions du plateau <\/strong><br \/>\n110&#215;70 ou 120&#215;80<\/p>\n","protected":false},"featured_media":12768,"template":"","meta":[],"product_brand":[],"product_cat":[1106,1110],"product_tag":[1168,1174,1138,1287,1779,1166],"class_list":{"0":"post-12766","1":"product","2":"type-product","3":"status-publish","4":"has-post-thumbnail","6":"product_cat-exterieur","7":"product_cat-tables-dexterieur","8":"product_tag-mobilier-dexterieur","9":"product_tag-nouvelles-2020","10":"product_tag-pliable","11":"product_tag-serie-noruega-fr","12":"product_tag-systeme-de-pliage","13":"product_tag-tables-fr","15":"first","16":"instock","17":"shipping-taxable","18":"product-type-variable"},"aioseo_notices":[],"_links":{"self":[{"href":"https:\/\/reyma-mobiliario.com\/fr\/wp-json\/wp\/v2\/product\/12766","targetHints":{"allow":["GET"]}}],"collection":[{"href":"https:\/\/reyma-mobiliario.com\/fr\/wp-json\/wp\/v2\/product"}],"about":[{"href":"https:\/\/reyma-mobiliario.com\/fr\/wp-json\/wp\/v2\/types\/product"}],"wp:featuredmedia":[{"embeddable":true,"href":"https:\/\/reyma-mobiliario.com\/fr\/wp-json\/wp\/v2\/media\/12768"}],"wp:attachment":[{"href":"https:\/\/reyma-mobiliario.com\/fr\/wp-json\/wp\/v2\/media?parent=12766"}],"wp:term":[{"taxonomy":"product_brand","embeddable":true,"href":"https:\/\/reyma-mobiliario.com\/fr\/wp-json\/wp\/v2\/product_brand?post=12766"},{"taxonomy":"product_cat","embeddable":true,"href":"https:\/\/reyma-mobiliario.com\/fr\/wp-json\/wp\/v2\/product_cat?post=12766"},{"taxonomy":"product_tag","embeddable":true,"href":"https:\/\/reyma-mobiliario.com\/fr\/wp-json\/wp\/v2\/product_tag?post=12766"}],"curies":[{"name":"wp","href":"https:\/\/api.w.org\/{rel}","templated":true}]}}