{"id":12810,"date":"2020-09-09T10:00:04","date_gmt":"2020-03-16T12:24:43","guid":{"rendered":"https:\/\/gifted-nightingale.82-223-11-116.plesk.page\/?post_type=product&#038;p=12810"},"modified":"2025-03-14T08:09:40","modified_gmt":"2025-03-14T07:09:40","slug":"chaise-maldivas","status":"publish","type":"product","link":"https:\/\/reyma-mobiliario.com\/fr\/productos\/chaise-maldivas\/","title":{"rendered":"Chaise Maldivas"},"content":{"rendered":"<p>Chaise compl\u00e9mentaire de la s\u00e9rie polyn\u00e9sienne mais aux formes plus rondes. Id\u00e9al pour les environnements solitaires en plein air ou en le combinant avec le fauteuil et la chaise de la s\u00e9rie Polyn\u00e9sienne.<\/p>\n","protected":false},"excerpt":{"rendered":"<p><strong> Poids: <\/strong> 2,95 kg<\/p>\n<p><strong> Mat\u00e9riaux: <\/strong><br \/>\nStructure en aluminium peint d\u00e9co bambou.<br \/>\nSi\u00e8ge osier volcan.<\/p>\n<p><strong>Dimensions<\/strong>:<\/p>\n<p><img loading=\"lazy\" decoding=\"async\" class=\"alignnone size-full wp-image-11924\" src=\"https:\/\/reyma-mobiliario.com\/wp-content\/uploads\/2025\/03\/2025-maldivas-silla.jpg\" alt=\"Dimensions Chaise Maldivas REYMA\" width=\"120\" height=\"120\" \/><\/p>\n","protected":false},"featured_media":17414,"template":"","meta":[],"product_brand":[],"product_cat":[1111,1106],"product_tag":[1348,1168,1264],"class_list":{"0":"post-12810","1":"product","2":"type-product","3":"status-publish","4":"has-post-thumbnail","6":"product_cat-chaises-dexterieur","7":"product_cat-exterieur","8":"product_tag-chaises-dexterieur","9":"product_tag-mobilier-dexterieur","10":"product_tag-serie-maldiva-fr","12":"first","13":"instock","14":"shipping-taxable","15":"product-type-simple"},"aioseo_notices":[],"_links":{"self":[{"href":"https:\/\/reyma-mobiliario.com\/fr\/wp-json\/wp\/v2\/product\/12810","targetHints":{"allow":["GET"]}}],"collection":[{"href":"https:\/\/reyma-mobiliario.com\/fr\/wp-json\/wp\/v2\/product"}],"about":[{"href":"https:\/\/reyma-mobiliario.com\/fr\/wp-json\/wp\/v2\/types\/product"}],"wp:featuredmedia":[{"embeddable":true,"href":"https:\/\/reyma-mobiliario.com\/fr\/wp-json\/wp\/v2\/media\/17414"}],"wp:attachment":[{"href":"https:\/\/reyma-mobiliario.com\/fr\/wp-json\/wp\/v2\/media?parent=12810"}],"wp:term":[{"taxonomy":"product_brand","embeddable":true,"href":"https:\/\/reyma-mobiliario.com\/fr\/wp-json\/wp\/v2\/product_brand?post=12810"},{"taxonomy":"product_cat","embeddable":true,"href":"https:\/\/reyma-mobiliario.com\/fr\/wp-json\/wp\/v2\/product_cat?post=12810"},{"taxonomy":"product_tag","embeddable":true,"href":"https:\/\/reyma-mobiliario.com\/fr\/wp-json\/wp\/v2\/product_tag?post=12810"}],"curies":[{"name":"wp","href":"https:\/\/api.w.org\/{rel}","templated":true}]}}