{"id":12812,"date":"2021-03-06T10:00:29","date_gmt":"2021-03-06T09:00:29","guid":{"rendered":"https:\/\/gifted-nightingale.82-223-11-116.plesk.page\/?post_type=product&#038;p=12812"},"modified":"2026-03-13T08:07:02","modified_gmt":"2026-03-13T07:07:02","slug":"fauteuil-polinesia","status":"publish","type":"product","link":"https:\/\/reyma-mobiliario.com\/fr\/productos\/fauteuil-polinesia\/","title":{"rendered":"Fauteuil Polinesia"},"content":{"rendered":"<p>Fauteuil r\u00e9alis\u00e9 avec structure en aluminium et osier synth\u00e9tique. Convient pour une utilisation int\u00e9rieure et ext\u00e9rieure. Empilable.<\/p>\n","protected":false},"excerpt":{"rendered":"<p><strong>Poids<\/strong> : 3,80 kg<\/p>\n<p><strong>Mat\u00e9riaux<\/strong> :<br \/>\nStructure en aluminium peint en d\u00e9co bambou ou d\u00e9co ch\u00eane naturel<br \/>\nSi\u00e8ge en osier atlas.<\/p>\n<p><strong>Dimensions<\/strong> :<\/p>\n<p><img loading=\"lazy\" decoding=\"async\" class=\"alignnone size-full wp-image-11924\" src=\"https:\/\/reyma-mobiliario.com\/wp-content\/uploads\/2025\/03\/2025-polinesia-sillon.jpg\" alt=\"Dimensions Fauteuil Polinesia REYMA\" width=\"120\" height=\"120\" \/><\/p>\n","protected":false},"featured_media":30896,"template":"","meta":[],"product_brand":[],"product_cat":[1106,1112],"product_tag":[1349,1361,2079,1173,1305],"class_list":{"0":"post-12812","1":"product","2":"type-product","3":"status-publish","4":"has-post-thumbnail","6":"product_cat-exterieur","7":"product_cat-fauteuils-dexterieur","8":"product_tag-fauteuils","9":"product_tag-fauteuils-dexterieur","10":"product_tag-nouveau-2025","11":"product_tag-nouvelles-2019","12":"product_tag-serie-polinesia-fr","14":"first","15":"instock","16":"shipping-taxable","17":"purchasable","18":"product-type-variable"},"aioseo_notices":[],"_links":{"self":[{"href":"https:\/\/reyma-mobiliario.com\/fr\/wp-json\/wp\/v2\/product\/12812","targetHints":{"allow":["GET"]}}],"collection":[{"href":"https:\/\/reyma-mobiliario.com\/fr\/wp-json\/wp\/v2\/product"}],"about":[{"href":"https:\/\/reyma-mobiliario.com\/fr\/wp-json\/wp\/v2\/types\/product"}],"wp:featuredmedia":[{"embeddable":true,"href":"https:\/\/reyma-mobiliario.com\/fr\/wp-json\/wp\/v2\/media\/30896"}],"wp:attachment":[{"href":"https:\/\/reyma-mobiliario.com\/fr\/wp-json\/wp\/v2\/media?parent=12812"}],"wp:term":[{"taxonomy":"product_brand","embeddable":true,"href":"https:\/\/reyma-mobiliario.com\/fr\/wp-json\/wp\/v2\/product_brand?post=12812"},{"taxonomy":"product_cat","embeddable":true,"href":"https:\/\/reyma-mobiliario.com\/fr\/wp-json\/wp\/v2\/product_cat?post=12812"},{"taxonomy":"product_tag","embeddable":true,"href":"https:\/\/reyma-mobiliario.com\/fr\/wp-json\/wp\/v2\/product_tag?post=12812"}],"curies":[{"name":"wp","href":"https:\/\/api.w.org\/{rel}","templated":true}]}}