{"id":12823,"date":"2024-01-18T10:00:15","date_gmt":"2024-01-18T09:00:15","guid":{"rendered":"https:\/\/gifted-nightingale.82-223-11-116.plesk.page\/?post_type=product&#038;p=12823"},"modified":"2026-03-23T13:14:55","modified_gmt":"2026-03-23T12:14:55","slug":"chaise-de-bar-polinesia","status":"publish","type":"product","link":"https:\/\/reyma-mobiliario.com\/fr\/productos\/chaise-de-bar-polinesia\/","title":{"rendered":"Chaise de bar Polinesia"},"content":{"rendered":"<p>Chaise de bar en aluminium robuste con\u00e7ue pour une utilisation en ext\u00e9rieur. Con\u00e7u avec une structure en aluminium et un si\u00e8ge tiss\u00e9 en osier.<\/p>\n","protected":false},"excerpt":{"rendered":"<p><strong> Poids <\/strong>: 4,95 kg<\/p>\n<p><strong> Mat\u00e9riaux <\/strong>:<br \/>\nCadre en aluminium peint d\u00e9co-bambou<br \/>\nSi\u00e8ge en volcan osier.<\/p>\n<p>Cadre en aluminium peint ch\u00eane naturel.<br \/>\nSi\u00e8ge en atlas osier.<\/p>\n<p><strong>Dimensions<\/strong>:<br \/>\n<img loading=\"lazy\" decoding=\"async\" class=\"alignnone size-full wp-image-11924\" src=\"https:\/\/reyma-mobiliario.com\/wp-content\/uploads\/2025\/03\/2025-polinesia-banqueta.jpg\" alt=\"Dimensions Chaise de bar Polinesia REYMA\" width=\"120\" height=\"120\" \/><\/p>\n","protected":false},"featured_media":29964,"template":"","meta":[],"product_brand":[],"product_cat":[1106,1107],"product_tag":[2079,1173,1305,1147],"class_list":{"0":"post-12823","1":"product","2":"type-product","3":"status-publish","4":"has-post-thumbnail","6":"product_cat-exterieur","7":"product_cat-tabouret-dexterieur","8":"product_tag-nouveau-2025","9":"product_tag-nouvelles-2019","10":"product_tag-serie-polinesia-fr","11":"product_tag-tabourets","13":"first","14":"instock","15":"featured","16":"shipping-taxable","17":"purchasable","18":"product-type-variable"},"aioseo_notices":[],"_links":{"self":[{"href":"https:\/\/reyma-mobiliario.com\/fr\/wp-json\/wp\/v2\/product\/12823","targetHints":{"allow":["GET"]}}],"collection":[{"href":"https:\/\/reyma-mobiliario.com\/fr\/wp-json\/wp\/v2\/product"}],"about":[{"href":"https:\/\/reyma-mobiliario.com\/fr\/wp-json\/wp\/v2\/types\/product"}],"wp:featuredmedia":[{"embeddable":true,"href":"https:\/\/reyma-mobiliario.com\/fr\/wp-json\/wp\/v2\/media\/29964"}],"wp:attachment":[{"href":"https:\/\/reyma-mobiliario.com\/fr\/wp-json\/wp\/v2\/media?parent=12823"}],"wp:term":[{"taxonomy":"product_brand","embeddable":true,"href":"https:\/\/reyma-mobiliario.com\/fr\/wp-json\/wp\/v2\/product_brand?post=12823"},{"taxonomy":"product_cat","embeddable":true,"href":"https:\/\/reyma-mobiliario.com\/fr\/wp-json\/wp\/v2\/product_cat?post=12823"},{"taxonomy":"product_tag","embeddable":true,"href":"https:\/\/reyma-mobiliario.com\/fr\/wp-json\/wp\/v2\/product_tag?post=12823"}],"curies":[{"name":"wp","href":"https:\/\/api.w.org\/{rel}","templated":true}]}}