{"id":12828,"date":"2020-09-21T10:00:15","date_gmt":"2020-09-21T08:00:15","guid":{"rendered":"https:\/\/gifted-nightingale.82-223-11-116.plesk.page\/?post_type=product&#038;p=12828"},"modified":"2026-03-04T12:00:11","modified_gmt":"2026-03-04T11:00:11","slug":"chaise-atico-out","status":"publish","type":"product","link":"https:\/\/reyma-mobiliario.com\/fr\/productos\/chaise-atico-out\/","title":{"rendered":"Chaise \u00c1tico OUT"},"content":{"rendered":"<p>Chaise en aluminium r\u00e9sistant et l\u00e9ger de diff\u00e9rentes couleurs. Possibilit\u00e9 de configuration avec diff\u00e9rents types de si\u00e8ge pour l&rsquo;adapter aux besoins de l&rsquo;ext\u00e9rieur et disponible en version int\u00e9rieure.<\/p>\n","protected":false},"excerpt":{"rendered":"<p><strong> Poids <\/strong>:<br \/>\navec assise en textil\u00e8ne: 3,40 kg<br \/>\navec si\u00e8ge osier: 3,35 Kg<br \/>\navec si\u00e8ge rope: 4,00 Kg<\/p>\n<p><strong> Mat\u00e9riaux <\/strong>:<br \/>\nStructure en aluminium peint: graphite, noir, d\u00e9co noyer, d\u00e9co ch\u00eane naturel ou d\u00e9co bambou.<br \/>\nSi\u00e8ge:<br \/>\nTextil\u00e8ne: automne ou noir<br \/>\nOsier: Atlas ou Noir et cr\u00e8me<br \/>\nRope: cr\u00e8me ou gris.<\/p>\n<p><strong>Dimensions<\/strong>:<br \/>\n<img loading=\"lazy\" decoding=\"async\" class=\"alignnone size-full wp-image-11924\" src=\"https:\/\/reyma-mobiliario.com\/wp-content\/uploads\/2025\/03\/2025-atico-silla.jpg\" alt=\"Dimensions Chaise \u00c1tico REYMA\" width=\"120\" height=\"120\" \/><\/p>\n","protected":false},"featured_media":31556,"template":"","meta":[],"product_brand":[],"product_cat":[1111,1106],"product_tag":[1347,1348,2079,1173,1194],"class_list":{"0":"post-12828","1":"product","2":"type-product","3":"status-publish","4":"has-post-thumbnail","6":"product_cat-chaises-dexterieur","7":"product_cat-exterieur","8":"product_tag-chaises","9":"product_tag-chaises-dexterieur","10":"product_tag-nouveau-2025","11":"product_tag-nouvelles-2019","12":"product_tag-serie-atico-fr","14":"first","15":"instock","16":"shipping-taxable","17":"purchasable","18":"product-type-variable"},"aioseo_notices":[],"_links":{"self":[{"href":"https:\/\/reyma-mobiliario.com\/fr\/wp-json\/wp\/v2\/product\/12828","targetHints":{"allow":["GET"]}}],"collection":[{"href":"https:\/\/reyma-mobiliario.com\/fr\/wp-json\/wp\/v2\/product"}],"about":[{"href":"https:\/\/reyma-mobiliario.com\/fr\/wp-json\/wp\/v2\/types\/product"}],"wp:featuredmedia":[{"embeddable":true,"href":"https:\/\/reyma-mobiliario.com\/fr\/wp-json\/wp\/v2\/media\/31556"}],"wp:attachment":[{"href":"https:\/\/reyma-mobiliario.com\/fr\/wp-json\/wp\/v2\/media?parent=12828"}],"wp:term":[{"taxonomy":"product_brand","embeddable":true,"href":"https:\/\/reyma-mobiliario.com\/fr\/wp-json\/wp\/v2\/product_brand?post=12828"},{"taxonomy":"product_cat","embeddable":true,"href":"https:\/\/reyma-mobiliario.com\/fr\/wp-json\/wp\/v2\/product_cat?post=12828"},{"taxonomy":"product_tag","embeddable":true,"href":"https:\/\/reyma-mobiliario.com\/fr\/wp-json\/wp\/v2\/product_tag?post=12828"}],"curies":[{"name":"wp","href":"https:\/\/api.w.org\/{rel}","templated":true}]}}