{"id":12860,"date":"2020-09-17T10:00:20","date_gmt":"2020-09-17T08:00:20","guid":{"rendered":"https:\/\/gifted-nightingale.82-223-11-116.plesk.page\/?post_type=product&#038;p=12860"},"modified":"2026-03-04T12:00:02","modified_gmt":"2026-03-04T11:00:02","slug":"chaise-portico-out","status":"publish","type":"product","link":"https:\/\/reyma-mobiliario.com\/fr\/productos\/chaise-portico-out\/","title":{"rendered":"Chaise P\u00f3rtico OUT"},"content":{"rendered":"<p>Chaise en aluminium peinte en diff\u00e9rentes couleurs et adapt\u00e9e \u00e0 l&rsquo;ext\u00e9rieur. Disponible avec diff\u00e9rents si\u00e8ges.<\/p>\n","protected":false},"excerpt":{"rendered":"<p><strong>Poids<\/strong>:<br \/>\navec assise en textil\u00e8ne: 3,40 kg<br \/>\navec assise en osier: 3,35 Kg<br \/>\navec assise rope: 4,00 Kg<\/p>\n<p><strong>Mat\u00e9riaux:<\/strong><br \/>\nStructure en aluminium peint: Graphite, Noir, d\u00e9co Noyer, d\u00e9co Ch\u00eane naturel ou d\u00e9co Bambou.<br \/>\nAssise: Textil\u00e8ne: automne ou noir osier: Atlas ou noir et cr\u00e8me, rope creme ou rope gris.<\/p>\n<p><strong>Dimensions<\/strong>:<\/p>\n<p><img loading=\"lazy\" decoding=\"async\" class=\"alignnone size-full wp-image-11924\" src=\"https:\/\/reyma-mobiliario.com\/wp-content\/uploads\/2025\/03\/2025-portico-silla.jpg\" alt=\"Dimensions Chaise P\u00f3rtico REYMA\" width=\"120\" height=\"120\" \/><\/p>\n","protected":false},"featured_media":31567,"template":"","meta":[],"product_brand":[],"product_cat":[1111,1106],"product_tag":[1347,1348,1168,1173,1311],"class_list":{"0":"post-12860","1":"product","2":"type-product","3":"status-publish","4":"has-post-thumbnail","6":"product_cat-chaises-dexterieur","7":"product_cat-exterieur","8":"product_tag-chaises","9":"product_tag-chaises-dexterieur","10":"product_tag-mobilier-dexterieur","11":"product_tag-nouvelles-2019","12":"product_tag-serie-portico-fr","14":"first","15":"instock","16":"shipping-taxable","17":"purchasable","18":"product-type-variable"},"aioseo_notices":[],"_links":{"self":[{"href":"https:\/\/reyma-mobiliario.com\/fr\/wp-json\/wp\/v2\/product\/12860","targetHints":{"allow":["GET"]}}],"collection":[{"href":"https:\/\/reyma-mobiliario.com\/fr\/wp-json\/wp\/v2\/product"}],"about":[{"href":"https:\/\/reyma-mobiliario.com\/fr\/wp-json\/wp\/v2\/types\/product"}],"wp:featuredmedia":[{"embeddable":true,"href":"https:\/\/reyma-mobiliario.com\/fr\/wp-json\/wp\/v2\/media\/31567"}],"wp:attachment":[{"href":"https:\/\/reyma-mobiliario.com\/fr\/wp-json\/wp\/v2\/media?parent=12860"}],"wp:term":[{"taxonomy":"product_brand","embeddable":true,"href":"https:\/\/reyma-mobiliario.com\/fr\/wp-json\/wp\/v2\/product_brand?post=12860"},{"taxonomy":"product_cat","embeddable":true,"href":"https:\/\/reyma-mobiliario.com\/fr\/wp-json\/wp\/v2\/product_cat?post=12860"},{"taxonomy":"product_tag","embeddable":true,"href":"https:\/\/reyma-mobiliario.com\/fr\/wp-json\/wp\/v2\/product_tag?post=12860"}],"curies":[{"name":"wp","href":"https:\/\/api.w.org\/{rel}","templated":true}]}}