{"id":12898,"date":"2020-10-02T10:00:52","date_gmt":"2020-03-19T13:06:09","guid":{"rendered":"https:\/\/gifted-nightingale.82-223-11-116.plesk.page\/?post_type=product&#038;p=12898"},"modified":"2025-03-17T10:10:34","modified_gmt":"2025-03-17T09:10:34","slug":"chaise-bulevar","status":"publish","type":"product","link":"https:\/\/reyma-mobiliario.com\/fr\/productos\/chaise-bulevar\/","title":{"rendered":"Chaise Bulevar"},"content":{"rendered":"<p>Chaise d&rsquo;hospitalit\u00e9 sp\u00e9ciale pour une utilisation en ext\u00e9rieur. Son style vintage moderne le rend parfait pour n&rsquo;importe quelle terrasse ou espace.<\/p>\n","protected":false},"excerpt":{"rendered":"<p><strong> Poids <\/strong>:<br \/>\nOsier: 3,50 kg<br \/>\nTextilene: 3,25 Kg<\/p>\n<p><strong> Mat\u00e9riaux <\/strong>:<br \/>\nCadre en aluminium peint d\u00e9co-noyer<br \/>\nAssise osier noire et cr\u00e8me, textilene d&rsquo;or ou noir.<\/p>\n<p><strong>Dimensions<\/strong>:<\/p>\n<p><img loading=\"lazy\" decoding=\"async\" class=\"alignnone size-full wp-image-11924\" src=\"https:\/\/reyma-mobiliario.com\/wp-content\/uploads\/2025\/03\/2025-bulevar-silla.jpg\" alt=\"Dimensions Chaise Bulevar REYMA\" width=\"120\" height=\"120\" \/><\/p>\n","protected":false},"featured_media":12668,"template":"","meta":[],"product_brand":[],"product_cat":[1111,1106],"product_tag":[1347,1348,1173,1213],"class_list":{"0":"post-12898","1":"product","2":"type-product","3":"status-publish","4":"has-post-thumbnail","6":"product_cat-chaises-dexterieur","7":"product_cat-exterieur","8":"product_tag-chaises","9":"product_tag-chaises-dexterieur","10":"product_tag-nouvelles-2019","11":"product_tag-serie-bulevar-fr","13":"first","14":"instock","15":"shipping-taxable","16":"purchasable","17":"product-type-variable"},"aioseo_notices":[],"_links":{"self":[{"href":"https:\/\/reyma-mobiliario.com\/fr\/wp-json\/wp\/v2\/product\/12898","targetHints":{"allow":["GET"]}}],"collection":[{"href":"https:\/\/reyma-mobiliario.com\/fr\/wp-json\/wp\/v2\/product"}],"about":[{"href":"https:\/\/reyma-mobiliario.com\/fr\/wp-json\/wp\/v2\/types\/product"}],"wp:featuredmedia":[{"embeddable":true,"href":"https:\/\/reyma-mobiliario.com\/fr\/wp-json\/wp\/v2\/media\/12668"}],"wp:attachment":[{"href":"https:\/\/reyma-mobiliario.com\/fr\/wp-json\/wp\/v2\/media?parent=12898"}],"wp:term":[{"taxonomy":"product_brand","embeddable":true,"href":"https:\/\/reyma-mobiliario.com\/fr\/wp-json\/wp\/v2\/product_brand?post=12898"},{"taxonomy":"product_cat","embeddable":true,"href":"https:\/\/reyma-mobiliario.com\/fr\/wp-json\/wp\/v2\/product_cat?post=12898"},{"taxonomy":"product_tag","embeddable":true,"href":"https:\/\/reyma-mobiliario.com\/fr\/wp-json\/wp\/v2\/product_tag?post=12898"}],"curies":[{"name":"wp","href":"https:\/\/api.w.org\/{rel}","templated":true}]}}