{"id":13170,"date":"2020-09-10T10:00:20","date_gmt":"2019-11-30T14:00:20","guid":{"rendered":"https:\/\/gifted-nightingale.82-223-11-116.plesk.page\/products\/chaise-polinesia\/"},"modified":"2025-03-14T09:21:54","modified_gmt":"2025-03-14T08:21:54","slug":"chaise-polinesia","status":"publish","type":"product","link":"https:\/\/reyma-mobiliario.com\/fr\/productos\/chaise-polinesia\/","title":{"rendered":"Chaise Polinesia"},"content":{"rendered":"<p>Chaise con\u00e7ue en aluminium r\u00e9sistant et peinte en d\u00e9co bambou, son assise est tiss\u00e9e en osier volcan. Con\u00e7u pour une utilisation en ext\u00e9rieur, il s&rsquo;adapte \u00e0 n&rsquo;importe quel espace en lui donnant une touche diff\u00e9rente.<\/p>\n","protected":false},"excerpt":{"rendered":"<p><strong> Poids <\/strong>: 3,40 kg<\/p>\n<p><strong> Mat\u00e9riaux <\/strong>:<br \/>\nCadre en aluminium peint d\u00e9co-bambou<br \/>\nSi\u00e8ge dans le volcan osier.<\/p>\n<p><strong>Dimensions<\/strong> :  <\/p>\n<p><img loading=\"lazy\" decoding=\"async\" class=\"alignnone size-full wp-image-11924\" src=\"https:\/\/reyma-mobiliario.com\/wp-content\/uploads\/2025\/03\/2025-polinesia-silla.jpg\" alt=\"Dimensions Polinesia Chair REYMA\" width=\"120\" height=\"120\" \/>  <\/p>\n<div><\/div>\n","protected":false},"featured_media":25742,"template":"","meta":[],"product_brand":[],"product_cat":[1111,1106],"product_tag":[1347,1348,1173,1305],"class_list":{"0":"post-13170","1":"product","2":"type-product","3":"status-publish","4":"has-post-thumbnail","6":"product_cat-chaises-dexterieur","7":"product_cat-exterieur","8":"product_tag-chaises","9":"product_tag-chaises-dexterieur","10":"product_tag-nouvelles-2019","11":"product_tag-serie-polinesia-fr","13":"first","14":"instock","15":"shipping-taxable","16":"product-type-simple"},"aioseo_notices":[],"_links":{"self":[{"href":"https:\/\/reyma-mobiliario.com\/fr\/wp-json\/wp\/v2\/product\/13170","targetHints":{"allow":["GET"]}}],"collection":[{"href":"https:\/\/reyma-mobiliario.com\/fr\/wp-json\/wp\/v2\/product"}],"about":[{"href":"https:\/\/reyma-mobiliario.com\/fr\/wp-json\/wp\/v2\/types\/product"}],"wp:featuredmedia":[{"embeddable":true,"href":"https:\/\/reyma-mobiliario.com\/fr\/wp-json\/wp\/v2\/media\/25742"}],"wp:attachment":[{"href":"https:\/\/reyma-mobiliario.com\/fr\/wp-json\/wp\/v2\/media?parent=13170"}],"wp:term":[{"taxonomy":"product_brand","embeddable":true,"href":"https:\/\/reyma-mobiliario.com\/fr\/wp-json\/wp\/v2\/product_brand?post=13170"},{"taxonomy":"product_cat","embeddable":true,"href":"https:\/\/reyma-mobiliario.com\/fr\/wp-json\/wp\/v2\/product_cat?post=13170"},{"taxonomy":"product_tag","embeddable":true,"href":"https:\/\/reyma-mobiliario.com\/fr\/wp-json\/wp\/v2\/product_tag?post=13170"}],"curies":[{"name":"wp","href":"https:\/\/api.w.org\/{rel}","templated":true}]}}