{"id":13212,"date":"2017-03-02T10:00:02","date_gmt":"2020-04-02T11:01:31","guid":{"rendered":"https:\/\/gifted-nightingale.82-223-11-116.plesk.page\/?post_type=product&#038;p=13212"},"modified":"2023-11-13T13:19:38","modified_gmt":"2023-11-13T12:19:38","slug":"table-duo-dinamarca","status":"publish","type":"product","link":"https:\/\/reyma-mobiliario.com\/fr\/productos\/table-duo-dinamarca\/","title":{"rendered":"Table Duo Dinamarca 9107"},"content":{"rendered":"<p>Table haute double plateaux: une interm\u00e9diaire en inox repouss\u00e9 et la sup\u00e9rieure \u00e0 choisir parmi la grande vari\u00e9t\u00e9 de tables disponibles. La grande polyvalence de cette table aux lignes simples la rend id\u00e9ale pour tous les environnements.<\/p>\n","protected":false},"excerpt":{"rendered":"<p><strong> Hauteur: <\/strong> 110 cm<\/p>\n<p><strong> Mat\u00e9riaux <\/strong>:<br \/>\nPlateaux: acier inoxydable, werzalit ou compacte<br \/>\nDouble plateau, le deuxi\u00e8me plus petit et une finition en acier inoxydable.<br \/>\nPossibilit\u00e9 d&rsquo;incorporer des contrepoids en fer pour augmenter la stabilit\u00e9.<\/p>\n<p><strong> Dimensions du panneau <\/strong><br \/>\n60\u00d8, 70\u00d8 et 60&#215;60<\/p>\n","protected":false},"featured_media":13850,"template":"","meta":[],"product_brand":[],"product_cat":[1106,1110],"product_tag":[1144,1159,1168,1232,1166],"class_list":{"0":"post-13212","1":"product","2":"type-product","3":"status-publish","4":"has-post-thumbnail","6":"product_cat-exterieur","7":"product_cat-tables-dexterieur","8":"product_tag-aluminium","9":"product_tag-deux-plateaux","10":"product_tag-mobilier-dexterieur","11":"product_tag-serie-dinamarca-fr","12":"product_tag-tables-fr","14":"first","15":"instock","16":"shipping-taxable","17":"product-type-simple"},"aioseo_notices":[],"_links":{"self":[{"href":"https:\/\/reyma-mobiliario.com\/fr\/wp-json\/wp\/v2\/product\/13212","targetHints":{"allow":["GET"]}}],"collection":[{"href":"https:\/\/reyma-mobiliario.com\/fr\/wp-json\/wp\/v2\/product"}],"about":[{"href":"https:\/\/reyma-mobiliario.com\/fr\/wp-json\/wp\/v2\/types\/product"}],"wp:featuredmedia":[{"embeddable":true,"href":"https:\/\/reyma-mobiliario.com\/fr\/wp-json\/wp\/v2\/media\/13850"}],"wp:attachment":[{"href":"https:\/\/reyma-mobiliario.com\/fr\/wp-json\/wp\/v2\/media?parent=13212"}],"wp:term":[{"taxonomy":"product_brand","embeddable":true,"href":"https:\/\/reyma-mobiliario.com\/fr\/wp-json\/wp\/v2\/product_brand?post=13212"},{"taxonomy":"product_cat","embeddable":true,"href":"https:\/\/reyma-mobiliario.com\/fr\/wp-json\/wp\/v2\/product_cat?post=13212"},{"taxonomy":"product_tag","embeddable":true,"href":"https:\/\/reyma-mobiliario.com\/fr\/wp-json\/wp\/v2\/product_tag?post=13212"}],"curies":[{"name":"wp","href":"https:\/\/api.w.org\/{rel}","templated":true}]}}