{"id":13213,"date":"2017-02-06T10:00:56","date_gmt":"2020-04-02T11:05:12","guid":{"rendered":"https:\/\/gifted-nightingale.82-223-11-116.plesk.page\/?post_type=product&#038;p=13213"},"modified":"2024-04-15T09:21:56","modified_gmt":"2024-04-15T07:21:56","slug":"table-pliante-oslo-haut","status":"publish","type":"product","link":"https:\/\/reyma-mobiliario.com\/fr\/productos\/table-pliante-oslo-haut\/","title":{"rendered":"Table Pliante Oslo Haut 7766AB"},"content":{"rendered":"<p>Table haute avec base en aluminium peint et disponible en deux couleurs. Il peut \u00eatre configur\u00e9 avec n&rsquo;importe quel type de planche et ajouter le syst\u00e8me de pliage qui offre le confort d&rsquo;un espace de stockage plus petit.<\/p>\n","protected":false},"excerpt":{"rendered":"<p><strong> Hauteur: <\/strong> 110 cm<\/p>\n<p><strong> Mat\u00e9riaux <\/strong>:<br \/>\nPied en aluminium peint gris ou graphite<br \/>\nAvec systema pliable.<\/p>\n<p>plateaux: werzalit ou Compact<\/p>\n<p><strong> Tailles du plateaux: <\/strong><br \/>\n60\u00d8, 70\u00d8 et 60&#215;60<\/p>\n","protected":false},"featured_media":13214,"template":"","meta":[],"product_brand":[],"product_cat":[1106,1110],"product_tag":[1144,1168,1138,1295,1779,1166],"class_list":{"0":"post-13213","1":"product","2":"type-product","3":"status-publish","4":"has-post-thumbnail","6":"product_cat-exterieur","7":"product_cat-tables-dexterieur","8":"product_tag-aluminium","9":"product_tag-mobilier-dexterieur","10":"product_tag-pliable","11":"product_tag-serie-oslo-fr","12":"product_tag-systeme-de-pliage","13":"product_tag-tables-fr","15":"first","16":"instock","17":"shipping-taxable","18":"product-type-variable"},"aioseo_notices":[],"_links":{"self":[{"href":"https:\/\/reyma-mobiliario.com\/fr\/wp-json\/wp\/v2\/product\/13213","targetHints":{"allow":["GET"]}}],"collection":[{"href":"https:\/\/reyma-mobiliario.com\/fr\/wp-json\/wp\/v2\/product"}],"about":[{"href":"https:\/\/reyma-mobiliario.com\/fr\/wp-json\/wp\/v2\/types\/product"}],"wp:featuredmedia":[{"embeddable":true,"href":"https:\/\/reyma-mobiliario.com\/fr\/wp-json\/wp\/v2\/media\/13214"}],"wp:attachment":[{"href":"https:\/\/reyma-mobiliario.com\/fr\/wp-json\/wp\/v2\/media?parent=13213"}],"wp:term":[{"taxonomy":"product_brand","embeddable":true,"href":"https:\/\/reyma-mobiliario.com\/fr\/wp-json\/wp\/v2\/product_brand?post=13213"},{"taxonomy":"product_cat","embeddable":true,"href":"https:\/\/reyma-mobiliario.com\/fr\/wp-json\/wp\/v2\/product_cat?post=13213"},{"taxonomy":"product_tag","embeddable":true,"href":"https:\/\/reyma-mobiliario.com\/fr\/wp-json\/wp\/v2\/product_tag?post=13213"}],"curies":[{"name":"wp","href":"https:\/\/api.w.org\/{rel}","templated":true}]}}