{"id":13275,"date":"2020-08-07T10:00:53","date_gmt":"2020-04-03T11:02:18","guid":{"rendered":"https:\/\/gifted-nightingale.82-223-11-116.plesk.page\/?post_type=product&#038;p=13275"},"modified":"2025-04-15T08:36:15","modified_gmt":"2025-04-15T06:36:15","slug":"fauteuil-orion-1","status":"publish","type":"product","link":"https:\/\/reyma-mobiliario.com\/fr\/productos\/fauteuil-orion-1\/","title":{"rendered":"Fauteuil Orion 1"},"content":{"rendered":"<p>Fauteuil aux lignes droites et lisses. Fauteuil d&rsquo;ext\u00e9rieur au style \u00e9l\u00e9gant.<\/p>\n","protected":false},"excerpt":{"rendered":"<p><strong> Poids: <\/strong> 11,65 kg<\/p>\n<p><strong> Mat\u00e9riaux <\/strong>:<br \/>\nStructure en aluminium peint en graphite.<br \/>\nCoussin beige.<\/p>\n<p><strong>Dimensions<\/strong>:<br \/>\n<img loading=\"lazy\" decoding=\"async\" class=\"alignnone size-full wp-image-11924\" src=\"https:\/\/reyma-mobiliario.com\/wp-content\/uploads\/2025\/04\/2025-orion-sillon.jpg\" alt=\"Dimensions Fauteuil Orion 1 REYMA\" width=\"120\" height=\"120\" \/><\/p>\n","protected":false},"featured_media":13276,"template":"","meta":[],"product_brand":[],"product_cat":[1113,1106],"product_tag":[1362,1168,1171,1291],"class_list":{"0":"post-13275","1":"product","2":"type-product","3":"status-publish","4":"has-post-thumbnail","6":"product_cat-canapes-dexterieur","7":"product_cat-exterieur","8":"product_tag-fauteuil","9":"product_tag-mobilier-dexterieur","10":"product_tag-nouvelles-2018","11":"product_tag-serie-orion-fr","13":"first","14":"instock","15":"shipping-taxable","16":"product-type-simple"},"aioseo_notices":[],"_links":{"self":[{"href":"https:\/\/reyma-mobiliario.com\/fr\/wp-json\/wp\/v2\/product\/13275","targetHints":{"allow":["GET"]}}],"collection":[{"href":"https:\/\/reyma-mobiliario.com\/fr\/wp-json\/wp\/v2\/product"}],"about":[{"href":"https:\/\/reyma-mobiliario.com\/fr\/wp-json\/wp\/v2\/types\/product"}],"wp:featuredmedia":[{"embeddable":true,"href":"https:\/\/reyma-mobiliario.com\/fr\/wp-json\/wp\/v2\/media\/13276"}],"wp:attachment":[{"href":"https:\/\/reyma-mobiliario.com\/fr\/wp-json\/wp\/v2\/media?parent=13275"}],"wp:term":[{"taxonomy":"product_brand","embeddable":true,"href":"https:\/\/reyma-mobiliario.com\/fr\/wp-json\/wp\/v2\/product_brand?post=13275"},{"taxonomy":"product_cat","embeddable":true,"href":"https:\/\/reyma-mobiliario.com\/fr\/wp-json\/wp\/v2\/product_cat?post=13275"},{"taxonomy":"product_tag","embeddable":true,"href":"https:\/\/reyma-mobiliario.com\/fr\/wp-json\/wp\/v2\/product_tag?post=13275"}],"curies":[{"name":"wp","href":"https:\/\/api.w.org\/{rel}","templated":true}]}}