{"id":13694,"date":"2011-04-19T10:00:47","date_gmt":"2020-04-14T09:30:32","guid":{"rendered":"https:\/\/gifted-nightingale.82-223-11-116.plesk.page\/?post_type=product&#038;p=13694"},"modified":"2023-03-01T17:54:19","modified_gmt":"2023-03-01T16:54:19","slug":"base-de-parasol","status":"publish","type":"product","link":"https:\/\/reyma-mobiliario.com\/fr\/productos\/base-de-parasol\/","title":{"rendered":"Base de parasol"},"content":{"rendered":"<p>Pied en fer sp\u00e9cialement con\u00e7u pour supporter un parasol. Il a une double ancre ou fixation pour emp\u00eacher le parasol de bouger.<\/p>\n","protected":false},"excerpt":{"rendered":"<p><strong> Poids: <\/strong><br \/>\n60&#215;60: 18 kg<br \/>\n75&#215;75: 27 kg<\/p>\n<p><strong> Mat\u00e9riaux <\/strong>: fer<\/p>\n","protected":false},"featured_media":13695,"template":"","meta":[],"product_brand":[],"product_cat":[1109,1106],"product_tag":[1156,1298],"class_list":{"0":"post-13694","1":"product","2":"type-product","3":"status-publish","4":"has-post-thumbnail","6":"product_cat-complements-exterieurs","7":"product_cat-exterieur","8":"product_tag-complements","9":"product_tag-serie-parasol-fr","11":"first","12":"instock","13":"shipping-taxable","14":"product-type-simple"},"aioseo_notices":[],"_links":{"self":[{"href":"https:\/\/reyma-mobiliario.com\/fr\/wp-json\/wp\/v2\/product\/13694","targetHints":{"allow":["GET"]}}],"collection":[{"href":"https:\/\/reyma-mobiliario.com\/fr\/wp-json\/wp\/v2\/product"}],"about":[{"href":"https:\/\/reyma-mobiliario.com\/fr\/wp-json\/wp\/v2\/types\/product"}],"wp:featuredmedia":[{"embeddable":true,"href":"https:\/\/reyma-mobiliario.com\/fr\/wp-json\/wp\/v2\/media\/13695"}],"wp:attachment":[{"href":"https:\/\/reyma-mobiliario.com\/fr\/wp-json\/wp\/v2\/media?parent=13694"}],"wp:term":[{"taxonomy":"product_brand","embeddable":true,"href":"https:\/\/reyma-mobiliario.com\/fr\/wp-json\/wp\/v2\/product_brand?post=13694"},{"taxonomy":"product_cat","embeddable":true,"href":"https:\/\/reyma-mobiliario.com\/fr\/wp-json\/wp\/v2\/product_cat?post=13694"},{"taxonomy":"product_tag","embeddable":true,"href":"https:\/\/reyma-mobiliario.com\/fr\/wp-json\/wp\/v2\/product_tag?post=13694"}],"curies":[{"name":"wp","href":"https:\/\/api.w.org\/{rel}","templated":true}]}}