{"id":13699,"date":"2011-07-19T10:00:33","date_gmt":"2020-04-14T09:35:50","guid":{"rendered":"https:\/\/gifted-nightingale.82-223-11-116.plesk.page\/?post_type=product&#038;p=13699"},"modified":"2023-03-01T17:51:08","modified_gmt":"2023-03-01T16:51:08","slug":"parasol","status":"publish","type":"product","link":"https:\/\/reyma-mobiliario.com\/fr\/productos\/parasol\/","title":{"rendered":"Parasol"},"content":{"rendered":"<p>Parasol en aluminium pour l&rsquo;ext\u00e9rieur. Disponible en diff\u00e9rentes tailles. Il doit \u00eatre accompagn\u00e9 d&rsquo;un pied pour son maintien vertical.<\/p>\n","protected":false},"excerpt":{"rendered":"<p><strong> Poids: <\/strong><br \/>\nToile aluminium 3\u00d8: 7,65 kg<br \/>\nB\u00e2che 3&#215;2 en aluminium: 7,45 kg<br \/>\nToile aluminium 3&#215;3: 11,15 kg<\/p>\n<p><strong> Mat\u00e9riaux <\/strong>:<br \/>\nToile brute: 3\u00d8, 3&#215;2 et 3&#215;3<\/p>\n<p>M\u00e2t en aluminium.<\/p>\n<p><strong> Dimensions <\/strong>:<\/p>\n<p><img loading=\"lazy\" decoding=\"async\" class=\"alignnone size-full wp-image-11924\" src=\"https:\/\/reyma-mobiliario.com\/wp-content\/uploads\/2017\/10\/parasol.jpg\" alt=\"Dimensions Parasol REYMA\" width=\"120\" height=\"120\" \/><\/p>\n","protected":false},"featured_media":13701,"template":"","meta":[],"product_brand":[],"product_cat":[1109,1106],"product_tag":[1156,1298],"class_list":{"0":"post-13699","1":"product","2":"type-product","3":"status-publish","4":"has-post-thumbnail","6":"product_cat-complements-exterieurs","7":"product_cat-exterieur","8":"product_tag-complements","9":"product_tag-serie-parasol-fr","11":"first","12":"instock","13":"shipping-taxable","14":"product-type-simple"},"aioseo_notices":[],"_links":{"self":[{"href":"https:\/\/reyma-mobiliario.com\/fr\/wp-json\/wp\/v2\/product\/13699","targetHints":{"allow":["GET"]}}],"collection":[{"href":"https:\/\/reyma-mobiliario.com\/fr\/wp-json\/wp\/v2\/product"}],"about":[{"href":"https:\/\/reyma-mobiliario.com\/fr\/wp-json\/wp\/v2\/types\/product"}],"wp:featuredmedia":[{"embeddable":true,"href":"https:\/\/reyma-mobiliario.com\/fr\/wp-json\/wp\/v2\/media\/13701"}],"wp:attachment":[{"href":"https:\/\/reyma-mobiliario.com\/fr\/wp-json\/wp\/v2\/media?parent=13699"}],"wp:term":[{"taxonomy":"product_brand","embeddable":true,"href":"https:\/\/reyma-mobiliario.com\/fr\/wp-json\/wp\/v2\/product_brand?post=13699"},{"taxonomy":"product_cat","embeddable":true,"href":"https:\/\/reyma-mobiliario.com\/fr\/wp-json\/wp\/v2\/product_cat?post=13699"},{"taxonomy":"product_tag","embeddable":true,"href":"https:\/\/reyma-mobiliario.com\/fr\/wp-json\/wp\/v2\/product_tag?post=13699"}],"curies":[{"name":"wp","href":"https:\/\/api.w.org\/{rel}","templated":true}]}}