{"id":13725,"date":"2020-07-08T10:00:43","date_gmt":"2020-04-14T10:43:22","guid":{"rendered":"https:\/\/gifted-nightingale.82-223-11-116.plesk.page\/?post_type=product&#038;p=13725"},"modified":"2023-11-13T12:43:41","modified_gmt":"2023-11-13T11:43:41","slug":"table-empilable-europa","status":"publish","type":"product","link":"https:\/\/reyma-mobiliario.com\/fr\/productos\/table-empilable-europa\/","title":{"rendered":"Table Empilable Europa 8277"},"content":{"rendered":"<p>Table tr\u00e8s polyvalente empilable en diff\u00e9rentes hauteurs. Permet des planches 70&#215;70 avec diff\u00e9rentes finitions. Sa structure en aluminium avec pieds en forme de cylindre est disponible en diff\u00e9rentes couleurs.<\/p>\n","protected":false},"excerpt":{"rendered":"<p><strong> Hauteur: <\/strong> 75 cm<\/p>\n<p><strong> Mat\u00e9riaux <\/strong>:<br \/>\nPied en aluminium peint: gris, noir, graphite ou blanc<\/p>\n<p>Plateaux: werzalit ou Compact<\/p>\n<p><strong> Dimensions du plateau <\/strong><br \/>\n70&#215;70<\/p>\n","protected":false},"featured_media":22835,"template":"","meta":[],"product_brand":[],"product_cat":[1106,1110],"product_tag":[1144,1145,1168,1237,1166],"class_list":{"0":"post-13725","1":"product","2":"type-product","3":"status-publish","4":"has-post-thumbnail","6":"product_cat-exterieur","7":"product_cat-tables-dexterieur","8":"product_tag-aluminium","9":"product_tag-empilable","10":"product_tag-mobilier-dexterieur","11":"product_tag-serie-europa-fr","12":"product_tag-tables-fr","14":"first","15":"instock","16":"shipping-taxable","17":"product-type-variable"},"aioseo_notices":[],"_links":{"self":[{"href":"https:\/\/reyma-mobiliario.com\/fr\/wp-json\/wp\/v2\/product\/13725","targetHints":{"allow":["GET"]}}],"collection":[{"href":"https:\/\/reyma-mobiliario.com\/fr\/wp-json\/wp\/v2\/product"}],"about":[{"href":"https:\/\/reyma-mobiliario.com\/fr\/wp-json\/wp\/v2\/types\/product"}],"wp:featuredmedia":[{"embeddable":true,"href":"https:\/\/reyma-mobiliario.com\/fr\/wp-json\/wp\/v2\/media\/22835"}],"wp:attachment":[{"href":"https:\/\/reyma-mobiliario.com\/fr\/wp-json\/wp\/v2\/media?parent=13725"}],"wp:term":[{"taxonomy":"product_brand","embeddable":true,"href":"https:\/\/reyma-mobiliario.com\/fr\/wp-json\/wp\/v2\/product_brand?post=13725"},{"taxonomy":"product_cat","embeddable":true,"href":"https:\/\/reyma-mobiliario.com\/fr\/wp-json\/wp\/v2\/product_cat?post=13725"},{"taxonomy":"product_tag","embeddable":true,"href":"https:\/\/reyma-mobiliario.com\/fr\/wp-json\/wp\/v2\/product_tag?post=13725"}],"curies":[{"name":"wp","href":"https:\/\/api.w.org\/{rel}","templated":true}]}}