{"id":13750,"date":"2020-02-01T10:00:15","date_gmt":"2020-04-14T10:55:37","guid":{"rendered":"https:\/\/gifted-nightingale.82-223-11-116.plesk.page\/?post_type=product&#038;p=13750"},"modified":"2023-11-13T12:43:08","modified_gmt":"2023-11-13T11:43:08","slug":"table-bali","status":"publish","type":"product","link":"https:\/\/reyma-mobiliario.com\/fr\/productos\/table-bali\/","title":{"rendered":"Table Bali 5088"},"content":{"rendered":"<p>Table avec structure en aluminium et pied enti\u00e8rement recouvert de osier tress\u00e9e. C&rsquo;est une table grande et robuste id\u00e9ale pour les grands espaces.<\/p>\n","protected":false},"excerpt":{"rendered":"<p><strong> Hauteur: <\/strong> 75 cm<\/p>\n<p><strong> Mat\u00e9riaux <\/strong>:<br \/>\nStructure du osier: blanc ou anthracite<\/p>\n<p>Plateaux finition werzalit<\/p>\n<p><strong> Dimensions du plateaux <\/strong><br \/>\n80&#215;80, 90&#215;90, 120&#215;80 et 120\u00d8<\/p>\n","protected":false},"featured_media":13754,"template":"","meta":[],"product_brand":[],"product_cat":[1106,1110],"product_tag":[1168,1170,1196,1166],"class_list":{"0":"post-13750","1":"product","2":"type-product","3":"status-publish","4":"has-post-thumbnail","6":"product_cat-exterieur","7":"product_cat-tables-dexterieur","8":"product_tag-mobilier-dexterieur","9":"product_tag-osier","10":"product_tag-serie-bali-fr","11":"product_tag-tables-fr","13":"first","14":"instock","15":"shipping-taxable","16":"product-type-variable"},"aioseo_notices":[],"_links":{"self":[{"href":"https:\/\/reyma-mobiliario.com\/fr\/wp-json\/wp\/v2\/product\/13750","targetHints":{"allow":["GET"]}}],"collection":[{"href":"https:\/\/reyma-mobiliario.com\/fr\/wp-json\/wp\/v2\/product"}],"about":[{"href":"https:\/\/reyma-mobiliario.com\/fr\/wp-json\/wp\/v2\/types\/product"}],"wp:featuredmedia":[{"embeddable":true,"href":"https:\/\/reyma-mobiliario.com\/fr\/wp-json\/wp\/v2\/media\/13754"}],"wp:attachment":[{"href":"https:\/\/reyma-mobiliario.com\/fr\/wp-json\/wp\/v2\/media?parent=13750"}],"wp:term":[{"taxonomy":"product_brand","embeddable":true,"href":"https:\/\/reyma-mobiliario.com\/fr\/wp-json\/wp\/v2\/product_brand?post=13750"},{"taxonomy":"product_cat","embeddable":true,"href":"https:\/\/reyma-mobiliario.com\/fr\/wp-json\/wp\/v2\/product_cat?post=13750"},{"taxonomy":"product_tag","embeddable":true,"href":"https:\/\/reyma-mobiliario.com\/fr\/wp-json\/wp\/v2\/product_tag?post=13750"}],"curies":[{"name":"wp","href":"https:\/\/api.w.org\/{rel}","templated":true}]}}