{"id":13768,"date":"2020-11-12T10:00:28","date_gmt":"2020-04-14T11:05:00","guid":{"rendered":"https:\/\/gifted-nightingale.82-223-11-116.plesk.page\/?post_type=product&#038;p=13768"},"modified":"2023-11-13T10:46:36","modified_gmt":"2023-11-13T09:46:36","slug":"table-pliante-noruega-haute","status":"publish","type":"product","link":"https:\/\/reyma-mobiliario.com\/fr\/productos\/table-pliante-noruega-haute\/","title":{"rendered":"Table Noruega Haute 9147"},"content":{"rendered":"<p>Table haute pliante avec syst\u00e8me de pliage avec verrouillage de s\u00e9curit\u00e9 int\u00e9gr\u00e9 dans toutes ses versions. Sa structure en aluminium offre la possibilit\u00e9 d&rsquo;une utilisation en ext\u00e9rieur dans l&rsquo;h\u00f4tellerie. Offre une capacit\u00e9 de stockage r\u00e9duite.<\/p>\n","protected":false},"excerpt":{"rendered":"<p><strong> Hauteur: <\/strong> 110 cm<\/p>\n<p><strong> Mat\u00e9riaux <\/strong>:<br \/>\nCadre en aluminium peint en blanc, noir, taupe, gris ou graphite avec syst\u00e8me de pliage<\/p>\n<p>Plateaux : Werzalit ou Compact<\/p>\n<p><strong> Dimensions du tableau <\/strong><br \/>\n60\u00d8, 70\u00d8 et 60&#215;60<\/p>\n","protected":false},"featured_media":22378,"template":"","meta":[],"product_brand":[],"product_cat":[1106,1110],"product_tag":[1144,1168,1171,1138,1287,1779,1166],"class_list":{"0":"post-13768","1":"product","2":"type-product","3":"status-publish","4":"has-post-thumbnail","6":"product_cat-exterieur","7":"product_cat-tables-dexterieur","8":"product_tag-aluminium","9":"product_tag-mobilier-dexterieur","10":"product_tag-nouvelles-2018","11":"product_tag-pliable","12":"product_tag-serie-noruega-fr","13":"product_tag-systeme-de-pliage","14":"product_tag-tables-fr","16":"first","17":"instock","18":"shipping-taxable","19":"purchasable","20":"product-type-variable"},"aioseo_notices":[],"_links":{"self":[{"href":"https:\/\/reyma-mobiliario.com\/fr\/wp-json\/wp\/v2\/product\/13768","targetHints":{"allow":["GET"]}}],"collection":[{"href":"https:\/\/reyma-mobiliario.com\/fr\/wp-json\/wp\/v2\/product"}],"about":[{"href":"https:\/\/reyma-mobiliario.com\/fr\/wp-json\/wp\/v2\/types\/product"}],"wp:featuredmedia":[{"embeddable":true,"href":"https:\/\/reyma-mobiliario.com\/fr\/wp-json\/wp\/v2\/media\/22378"}],"wp:attachment":[{"href":"https:\/\/reyma-mobiliario.com\/fr\/wp-json\/wp\/v2\/media?parent=13768"}],"wp:term":[{"taxonomy":"product_brand","embeddable":true,"href":"https:\/\/reyma-mobiliario.com\/fr\/wp-json\/wp\/v2\/product_brand?post=13768"},{"taxonomy":"product_cat","embeddable":true,"href":"https:\/\/reyma-mobiliario.com\/fr\/wp-json\/wp\/v2\/product_cat?post=13768"},{"taxonomy":"product_tag","embeddable":true,"href":"https:\/\/reyma-mobiliario.com\/fr\/wp-json\/wp\/v2\/product_tag?post=13768"}],"curies":[{"name":"wp","href":"https:\/\/api.w.org\/{rel}","templated":true}]}}