{"id":13789,"date":"2016-05-09T10:00:59","date_gmt":"2020-04-14T11:18:36","guid":{"rendered":"https:\/\/gifted-nightingale.82-223-11-116.plesk.page\/?post_type=product&#038;p=13789"},"modified":"2023-03-01T18:07:29","modified_gmt":"2023-03-01T17:07:29","slug":"chaise-versalles","status":"publish","type":"product","link":"https:\/\/reyma-mobiliario.com\/fr\/productos\/chaise-versalles\/","title":{"rendered":"Chaise Versalles"},"content":{"rendered":"<p>Chaise pour l&rsquo;ext\u00e9rieur avec diff\u00e9rentes couleurs de finition. Chaise avec structure et lattes en aluminium. Il peut \u00eatre combin\u00e9 avec des coussins disponibles en trois couleurs: gris anthracite, beige ou bordeaux.<\/p>\n","protected":false},"excerpt":{"rendered":"<p><strong> Poids: <\/strong> 3,55 kg<\/p>\n<p><strong> Mat\u00e9riaux <\/strong>:<br \/>\nStructure et lattes en aluminium peint: graphite, noir, gris ou blanc.<\/p>\n<p><strong> Dimensions <\/strong>:<\/p>\n<p><img loading=\"lazy\" decoding=\"async\" class=\"alignnone size-full wp-image-11924\" src=\"https:\/\/reyma-mobiliario.com\/wp-content\/uploads\/2018\/11\/versalles-silla.jpg\" alt=\"Dimensions Chaise Versalles REYMA\" width=\"120\" height=\"120\" \/><\/p>\n","protected":false},"featured_media":13801,"template":"","meta":[],"product_brand":[],"product_cat":[1111,1106],"product_tag":[1144,1347,1164,1168,1172,1342],"class_list":{"0":"post-13789","1":"product","2":"type-product","3":"status-publish","4":"has-post-thumbnail","6":"product_cat-chaises-dexterieur","7":"product_cat-exterieur","8":"product_tag-aluminium","9":"product_tag-chaises","10":"product_tag-lamas-fr","11":"product_tag-mobilier-dexterieur","12":"product_tag-nouvelles-2017","13":"product_tag-serie-versalles-fr","15":"first","16":"instock","17":"shipping-taxable","18":"purchasable","19":"product-type-variable"},"aioseo_notices":[],"_links":{"self":[{"href":"https:\/\/reyma-mobiliario.com\/fr\/wp-json\/wp\/v2\/product\/13789","targetHints":{"allow":["GET"]}}],"collection":[{"href":"https:\/\/reyma-mobiliario.com\/fr\/wp-json\/wp\/v2\/product"}],"about":[{"href":"https:\/\/reyma-mobiliario.com\/fr\/wp-json\/wp\/v2\/types\/product"}],"wp:featuredmedia":[{"embeddable":true,"href":"https:\/\/reyma-mobiliario.com\/fr\/wp-json\/wp\/v2\/media\/13801"}],"wp:attachment":[{"href":"https:\/\/reyma-mobiliario.com\/fr\/wp-json\/wp\/v2\/media?parent=13789"}],"wp:term":[{"taxonomy":"product_brand","embeddable":true,"href":"https:\/\/reyma-mobiliario.com\/fr\/wp-json\/wp\/v2\/product_brand?post=13789"},{"taxonomy":"product_cat","embeddable":true,"href":"https:\/\/reyma-mobiliario.com\/fr\/wp-json\/wp\/v2\/product_cat?post=13789"},{"taxonomy":"product_tag","embeddable":true,"href":"https:\/\/reyma-mobiliario.com\/fr\/wp-json\/wp\/v2\/product_tag?post=13789"}],"curies":[{"name":"wp","href":"https:\/\/api.w.org\/{rel}","templated":true}]}}